{"id":3686,"date":"2022-09-27T09:38:32","date_gmt":"2022-09-27T09:38:32","guid":{"rendered":"http:\/\/188.166.45.142\/?page_id=3686"},"modified":"2022-09-27T09:39:00","modified_gmt":"2022-09-27T09:39:00","slug":"partneret-dhe-lidhje-te-rendesishme","status":"publish","type":"page","link":"https:\/\/dhka.org.al\/en\/partneret-dhe-lidhje-te-rendesishme\/","title":{"rendered":"Important Partners and Links"},"content":{"rendered":"<div data-elementor-type=\"wp-page\" data-elementor-id=\"3686\" class=\"elementor elementor-3686\">\n\t\t\t\t\t\t<section class=\"elementor-section elementor-top-section elementor-element elementor-element-0bc419a elementor-section-boxed elementor-section-gap-beside-yes elementor-section-height-default elementor-section-height-default elementor-section-column-vertical-align-stretch\" data-id=\"0bc419a\" data-element_type=\"section\">\n\t\t\t\t\t\t<div class=\"elementor-container elementor-column-gap-extended\">\n\t\t\t\t\t<div class=\"elementor-column elementor-col-100 elementor-top-column elementor-element elementor-element-fc2c100\" data-id=\"fc2c100\" data-element_type=\"column\">\n\t\t\t<div class=\"elementor-widget-wrap elementor-element-populated\">\n\t\t\t\t\t\t<div class=\"elementor-element elementor-element-4ada52c elementor-widget elementor-widget-text-editor\" data-id=\"4ada52c\" data-element_type=\"widget\" data-widget_type=\"text-editor.default\">\n\t\t\t\t<div class=\"elementor-widget-container\">\n\t\t\t<style>\/*! elementor - v3.22.0 - 26-06-2024 *\/\n.elementor-widget-text-editor.elementor-drop-cap-view-stacked .elementor-drop-cap{background-color:#69727d;color:#fff}.elementor-widget-text-editor.elementor-drop-cap-view-framed .elementor-drop-cap{color:#69727d;border:3px solid;background-color:transparent}.elementor-widget-text-editor:not(.elementor-drop-cap-view-default) .elementor-drop-cap{margin-top:8px}.elementor-widget-text-editor:not(.elementor-drop-cap-view-default) .elementor-drop-cap-letter{width:1em;height:1em}.elementor-widget-text-editor .elementor-drop-cap{float:left;text-align:center;line-height:1;font-size:50px}.elementor-widget-text-editor .elementor-drop-cap-letter{display:inline-block}<\/style>\t\t\t\t<p><b>Council of Bars and Law Associations in Europe\u00a0<br \/><\/b><a href=\"http:\/\/www.ccbe.eu\/\" target=\"_blank\" rel=\"noopener\">www.ccbe.eu<\/a><\/p><p><b>European bars<br \/><\/b>Austria \u2013 \u00d6sterreichischer Rechtsanwaltskammertag<br \/><a href=\"http:\/\/www.rechtsanwaelte.at\/\" target=\"_blank\" rel=\"noopener\">www.rechtsanwaelte.at<\/a><\/p><p>Belgium \u2013 Ordre des barreaux francophones et germanophones<br \/><a href=\"http:\/\/www.avocat.be\/\" target=\"_blank\" rel=\"noopener\">www.avocat.be<br \/><\/a><br \/>Bulgaria \u2013 High Advocacy Council<br \/><a href=\"http:\/\/www.vas.lex.bg\/\" target=\"_blank\" rel=\"noopener\">www.vas.lex.bg<\/a><\/p><p>Cyprus \u2013 Cyprus Bar Association<br \/><a href=\"http:\/\/www.cyprusbarassociation.org\/\" target=\"_blank\" rel=\"noopener\">www.cyprusbarassociation.org<\/a><\/p><p>Czech Republic \u2013 Cesk\u00e1 Advok\u00e1tn\u00ed Chamber<br \/><a href=\"http:\/\/www.cak.cz\/\" target=\"_blank\" rel=\"noopener\">www.cak.cz<\/a><\/p><p>Denmark \u2013 Det Danske Advokatsamfund<br \/><a href=\"http:\/\/www.advokatsamfundet.dk\/\" target=\"_blank\" rel=\"noopener\">www.advokatsamfundet.dk<\/a><\/p><p>Estonia \u2013 Eesti Advokatuur<br \/><a href=\"http:\/\/www.advokatuur.ee\/\" target=\"_blank\" rel=\"noopener\">www.advokatuur.ee<\/a><\/p><p>Finland \u2013 Suomen Asianajajaliitto<br \/><a href=\"http:\/\/www.asianajajaliitto.fi\/\" target=\"_blank\" rel=\"noopener\">www.asianajajaliitto.fi<\/a><\/p><p>France \u2013 Barreau de Paris<br \/><a href=\"http:\/\/www.avocatparis.org\/\" target=\"_blank\" rel=\"noopener\">www.avocatparis.org<\/a><\/p><p>France \u2013 Conf\u00e9rence des B\u00e2tonniers<br \/><a href=\"http:\/\/www.avocatfrance.com\/\" target=\"_blank\" rel=\"noopener\">www.avocatfrance.com<\/a><\/p><p>France \u2013 Conseil National des Barreaux<br \/><a href=\"http:\/\/www.cnb.avocat.fr\/\" target=\"_blank\" rel=\"noopener\">www.cnb.avocat.fr<\/a><\/p><p>Germany \u2013 Bundesrechtsanwaltskammer<br \/><a href=\"http:\/\/www.brak.de\/\" target=\"_blank\" rel=\"noopener\">www.brak.de<\/a><\/p><p>Germany \u2013 Deutscher Anwaltverein eV<br \/><a href=\"http:\/\/www.anwaltverein.de\/\" target=\"_blank\" rel=\"noopener\">www.anwaltverein.de<\/a><\/p><p>Italy \u2013 Consiglio Nazionale Forense<br \/><a href=\"http:\/\/www.consiglionazionaleforense.it\/\" target=\"_blank\" rel=\"noopener\">www.consiglionazionaleforense.it<\/a><\/p><p>Greece \u2013 Dikigorikos Sylogos Athinon<br \/><a href=\"http:\/\/www.dsa.gr\/\" target=\"_blank\" rel=\"noopener\">www.dsa.gr<\/a><\/p><p>United Kingdom \u2013 England &amp; Wales \u2013 General Council of the Bar<br \/><a href=\"http:\/\/www.barcouncil.org.uk\/\" target=\"_blank\" rel=\"noopener\">www.barcouncil.org.uk<\/a><\/p><p><b>General Website<br \/><\/b>Findlaw<br \/><a href=\"http:\/\/www.findlaw.com\/\" target=\"_blank\" rel=\"noopener\">www.findlaw.com<\/a><\/p><p>Hieros Gamos<br \/><a href=\"http:\/\/www.hg.org\/\" target=\"_blank\" rel=\"noopener\">www.hg.org<\/a><\/p><p>Internet Legal Resources<br \/><a href=\"http:\/\/www.ilrg.com\/\" target=\"_blank\" rel=\"noopener\">www.ilrg.com<\/a><\/p><p>Law Guru<br \/><a href=\"http:\/\/www.lawguru.com\/\" target=\"_blank\" rel=\"noopener\">www.lawguru.com<\/a><\/p><p>Law Library Resources<br \/><a href=\"http:\/\/www.llrx.com\/\" target=\"_blank\" rel=\"noopener\">www.llrx.com<\/a><\/p><p>Law Links<br \/><a href=\"http:\/\/www.counsel.com\/\" target=\"_blank\" rel=\"noopener\">www.counsel.com<\/a><\/p><p>Virtual Chase<br \/><a href=\"http:\/\/www.virtualchase.com\/\" target=\"_blank\" rel=\"noopener\">www.counsel.com<\/a><\/p>\t\t\t\t\t\t<\/div>\n\t\t\t\t<\/div>\n\t\t\t\t<div class=\"elementor-element elementor-element-da1ea1c elementor-widget elementor-widget-spacer\" data-id=\"da1ea1c\" data-element_type=\"widget\" data-widget_type=\"spacer.default\">\n\t\t\t\t<div class=\"elementor-widget-container\">\n\t\t\t<style>\/*! elementor - v3.22.0 - 26-06-2024 *\/\n.elementor-column .elementor-spacer-inner{height:var(--spacer-size)}.e-con{--container-widget-width:100%}.e-con-inner>.elementor-widget-spacer,.e-con>.elementor-widget-spacer{width:var(--container-widget-width,var(--spacer-size));--align-self:var(--container-widget-align-self,initial);--flex-shrink:0}.e-con-inner>.elementor-widget-spacer>.elementor-widget-container,.e-con>.elementor-widget-spacer>.elementor-widget-container{height:100%;width:100%}.e-con-inner>.elementor-widget-spacer>.elementor-widget-container>.elementor-spacer,.e-con>.elementor-widget-spacer>.elementor-widget-container>.elementor-spacer{height:100%}.e-con-inner>.elementor-widget-spacer>.elementor-widget-container>.elementor-spacer>.elementor-spacer-inner,.e-con>.elementor-widget-spacer>.elementor-widget-container>.elementor-spacer>.elementor-spacer-inner{height:var(--container-widget-height,var(--spacer-size))}.e-con-inner>.elementor-widget-spacer.elementor-widget-empty,.e-con>.elementor-widget-spacer.elementor-widget-empty{position:relative;min-height:22px;min-width:22px}.e-con-inner>.elementor-widget-spacer.elementor-widget-empty .elementor-widget-empty-icon,.e-con>.elementor-widget-spacer.elementor-widget-empty .elementor-widget-empty-icon{position:absolute;top:0;bottom:0;left:0;right:0;margin:auto;padding:0;width:22px;height:22px}<\/style>\t\t<div class=\"elementor-spacer\">\n\t\t\t<div class=\"elementor-spacer-inner\"><\/div>\n\t\t<\/div>\n\t\t\t\t<\/div>\n\t\t\t\t<\/div>\n\t\t\t\t\t<\/div>\n\t\t<\/div>\n\t\t\t\t\t<\/div>\n\t\t<\/section>\n\t\t\t\t<\/div>","protected":false},"excerpt":{"rendered":"<p>Keshilli i Bareve dhe Shoqatave te Ligjit ne Europe\u00a0www.ccbe.eu Baret EuropianeAustria \u2013 \u00d6sterreichischer Rechtsanwaltskammertagwww.rechtsanwaelte.at Belgium \u2013 Ordre des barreaux francophones et germanophoneswww.avocat.beBulgaria \u2013 \u0412\u0438\u0441\u0448\u0438\u044f\u0442 \u0430\u0434\u0432\u043e\u043a\u0430\u0442\u0441\u043a\u0438 \u0441\u044a\u0432\u0435\u0442www.vas.lex.bg Cyprus \u2013 Cyprus Bar Associationwww.cyprusbarassociation.org Czech Republic \u2013 Cesk\u00e1 Advok\u00e1tn\u00ed Komorawww.cak.cz Denmark \u2013 Det Danske Advokatsamfundwww.advokatsamfundet.dk Estonia \u2013 Eesti Advokatuurwww.advokatuur.ee Finland \u2013 Suomen Asianajajaliittowww.asianajajaliitto.fi France \u2013 Barreau de Pariswww.avocatparis.org France \u2013 Conf\u00e9rence des B\u00e2tonnierswww.avocatfrance.com France \u2013 Conseil National des Barreauxwww.cnb.avocat.fr Germany \u2013 Bundesrechtsanwaltskammerwww.brak.de Germany \u2013 Deutscher Anwaltverein e.V.www.anwaltverein.de Italy \u2013 Consiglio Nazionale Forensewww.consiglionazionaleforense.it Greece \u2013 Dikigorikos Sylogos Athinonwww.dsa.gr United Kingdom \u2013 England &amp; Wales \u2013 General Council of the Barwww.barcouncil.org.uk Faqe Interneti te PergjithshmeFindlawwww.findlaw.com Hieros Gamoswww.hg.org Internet Legal Ressourceswww.ilrg.com Law Guruwww.lawguru.com Law Library Ressourceswww.llrx.com Law Linkswww.counsel.com Virtual Chasewww.counsel.com<\/p>","protected":false},"author":1,"featured_media":0,"parent":0,"menu_order":0,"comment_status":"closed","ping_status":"closed","template":"","meta":{"footnotes":""},"class_list":["post-3686","page","type-page","status-publish","hentry","post-no-thumbnail"],"_links":{"self":[{"href":"https:\/\/dhka.org.al\/en\/wp-json\/wp\/v2\/pages\/3686","targetHints":{"allow":["GET"]}}],"collection":[{"href":"https:\/\/dhka.org.al\/en\/wp-json\/wp\/v2\/pages"}],"about":[{"href":"https:\/\/dhka.org.al\/en\/wp-json\/wp\/v2\/types\/page"}],"author":[{"embeddable":true,"href":"https:\/\/dhka.org.al\/en\/wp-json\/wp\/v2\/users\/1"}],"replies":[{"embeddable":true,"href":"https:\/\/dhka.org.al\/en\/wp-json\/wp\/v2\/comments?post=3686"}],"version-history":[{"count":4,"href":"https:\/\/dhka.org.al\/en\/wp-json\/wp\/v2\/pages\/3686\/revisions"}],"predecessor-version":[{"id":3690,"href":"https:\/\/dhka.org.al\/en\/wp-json\/wp\/v2\/pages\/3686\/revisions\/3690"}],"wp:attachment":[{"href":"https:\/\/dhka.org.al\/en\/wp-json\/wp\/v2\/media?parent=3686"}],"curies":[{"name":"wp","href":"https:\/\/api.w.org\/{rel}","templated":true}]}}