{"id":3705,"date":"2022-09-27T09:46:46","date_gmt":"2022-09-27T09:46:46","guid":{"rendered":"http:\/\/188.166.45.142\/?page_id=3705"},"modified":"2024-01-18T10:19:14","modified_gmt":"2024-01-18T10:19:14","slug":"bashkepunime","status":"publish","type":"page","link":"https:\/\/dhka.org.al\/en\/bashkepunime\/","title":{"rendered":"Partnerships"},"content":{"rendered":"<p>\u00a0<\/p>\n<p><b>The project with the Council of Europe regarding the Training of Lawyers on the European Convention of Human Rights and the jurisprudence of the European Court of Strasbourg (2008-2010):<\/b><\/p>\n<p>The National Bar Chamber in cooperation with the Council of Europe has implemented the Program: &quot;Training of lawyers on the European Convention of Human Rights and the jurisprudence of the European Court of Human Rights in Strasbourg&quot; financially supported by the voluntary contributions of the Government of Norway and the Kingdom than United.<br \/><b>Activities developed within the framework of this project:<\/b><\/p>\n<ul>\n<li>First Phase during 2008:\n<ul>\n<li>2 two-day sessions on &quot;Training of Trainers&quot; - 12 Albanian lawyers trained on ECHR and ECHR jurisprudence;<\/li>\n<li>1 study visit to the Council of Europe and the Strasbourg Court;<\/li>\n<li>5 rounds of training for lawyers throughout Albania, where about 250 lawyers were trained;<\/li>\n<li>The National Conference organized in Vlora, on July 2, 2008, with the theme: &quot;The role of the lawyer in the Legal Reform in Albania&quot; with the participation of senior experts from the Council of Europe, international organizations that contribute to the justice system, and high structures state and independent institutions.<\/li>\n<\/ul>\n<\/li>\n<\/ul>\n<ul>\n<li>Activity of the second phase of the project, 2010:\n<ul>\n<li>1 two-day session of &quot;Training of Trainers&quot; on &quot;Legal Research Methodology and ECJ Jurisprudence&quot;;<\/li>\n<li>2 two-day sessions where about 50 female lawyers of the Tirana Bar Association and the Chairmen of the District Bar Associations were trained;<\/li>\n<\/ul>\n<\/li>\n<\/ul>\n<p><b>Project &quot;For the Improvement of the Legal and Institutional Basis of the National Bar Association, with a Special Focus on the Implementation of the Rules of Ethics by Lawyers&quot;:<\/b><\/p>\n<p>The National Bar Association of Albania (DH.KASH) in cooperation with the Lord Slynn Foundation of Hardley and the Bar Council of England and Wells, since 2010 are implementing the Project: &quot;For the Improvement of the Legal and Institutional Base of the National Bar Association, with Special Focus on the Implementation of the Rules of Ethics by Lawyers&quot;, financially supported by the Embassy of the United Kingdom, in Tirana.<\/p>\n<p>In the framework of this project, DH.KASH in cooperation with English experts is drafting the necessary legal changes on the main acts that regulate the lawyer profession, especially those on the simplification of the disciplinary process and related structures, but also on the definition of mandatory training for assistant lawyers and licensed lawyers.<\/p>\n<p>In the framework of the Project, on the dates March 28 to April 2, 2011, a Study Visit of Albanian lawyers took place in London, United Kingdom, to exchange the experience of the two Bars related to the Discipline procedures of lawyers and Continuing Training Structures. The Albanian delegation was headed by Av. Prof. neither. Dr. Maksim R. Haxhia, Chairman of the National Chamber of Advocates of Albania and was a member of the Governing Council of the National Chamber of Advocates. Albanian lawyers were received in special meetings by Mr. Petter Lodder QC, President of the English and Wells Bar; Mr Simon Lofthouse QC, Chair of the Appeals Committee; Ms. Ann Barker, Former Complaints Commissioner of the English Bar Standards Board, etc.<\/p>\n<ul>\n<li>The group of experts of the English Bar who are working on this Project:\n<ul>\n<li>Mr James Dingemans, Barrister QC, Project Leader, former Chairman of the Bar Council&#039;s International Committee, former member of the Bar Council&#039;s Professional Conduct Committee<\/li>\n<li>Mr Philip Bartle, Barrister, former member of the Professional Conduct Committee of the Bar Council<\/li>\n<li>Mr. Michel Aslangul, training expert;<\/li>\n<li>Ms. Klentiana Mahmutaj, Barrister;<\/li>\n<li>Ms. Ruduna Jasini, PhD Candidate at Oxford University;<\/li>\n<\/ul>\n<\/li>\n<\/ul>\n<p><b>USAID&#039;s 5-year project (October 2010-October 2015) for Strengthening the Justice Sector (USAID-JuST):<\/b><\/p>\n<p>USAID&#039;s 5-year project (October 2010 to October 2015) for Strengthening the Justice Sector (USAID-JuST) has as its important component the development of capacities and organizational sustainability of the legal profession in Albania.<\/p>\n<p>USAID&#039;s JuST project in cooperation with the National Chamber of Advocacy (DHKASH) and regional chambers, has started cooperation since 2010 to strengthen the profession of lawyer, through the strengthening of the National Chamber, the creation of a National Magazine for Advocacy and the presentation of the Education program Legal Continuum, as well as the organization of an Annual Conference of Lawyers to address issues related to the lawyer profession in Albania.<\/p>\n<p>Within the framework of the USAID Program for Strengthening the Justice System in Albania (JuST), implemented by Chemonics International, DHKASH will cooperate with USAID to strengthen the professional capacities of active lawyers and assistant lawyers, through the creation and implementation of the Program of Continuing Legal Education (AFL).<\/p>\n<p>In support of the Memorandum of Understanding signed by the Director of USAID for Albania, Mr. Joseph Williams and the President of DHKASH, Mr. Maksim Haxhia, the AVL Program will be tested, in the form of a demonstration project in the Regional Chamber of Vlora and Durr\u00ebs and the implementation of this program will be carried out by the Albanian Center for Legal Training and Studies (ACLTS), with funds provided by USAID and DHKASH, in accordance with Section 6 of the Agreement signed between USAID and DHKASH on May 12, 2011.<\/p>\n<ul>\n<li>Activities developed within the framework of the Project:\n<ul>\n<li>Table Discussion in the Regional Bar Chambers: As a first step to collect the ideas and recommendations of lawyers towards strengthening their profession, the JuST project team organized during the period December 2010-January 2011, three meetings in the form of focus groups with the regional chambers of Vlora, Durr\u00ebs and Lezha. These meetings were organized in cooperation with DHKASH. In the three focus group meetings, there was a wide participation of 110 lawyers and assistant lawyers from the three aforementioned cities, as well as from the regional chambers of the respective regions;<\/li>\n<li>Organization of Brainstorming sessions in Durres and Vlore:\n<ul>\n<li>On June 5 and June 11, two brainstorming sessions were held at the Local Chamber of Advocacy in Durr\u00ebs and Vlora, with the participation of experts from ACLTS, the National Chamber of Advocates and the JuST Project. 25 lawyers and assistants took part in the Durres meeting and 45 lawyers and assistants took part in the one in Vlora;<\/li>\n<li>The purpose of these sessions was to promote the training program and the one-year project May 2011-June 2012, as well as the construction of the priority scale for the 12 topics valid for 12 credits;<\/li>\n<\/ul>\n<\/li>\n<li>Preparation of the Report on the Assessment of Training Needs;<\/li>\n<li>Preparation of Training Curricula and Calendar of Training Activities;<\/li>\n<li>The organization of trainings will start in July 2012.<\/li>\n<\/ul>\n<\/li>\n<\/ul>\n<style>\/*! elementor - v3.7.7 - 20-09-2022 *\/\n.elementor-column .elementor-spacer-inner{height:var(--spacer-size)}.e-container{--container-widget-width:100%}.e-container>.elementor-widget-spacer{width:var(--container-widget-width,var(--spacer-size));-ms-flex-item-align:stretch;align-self:stretch;-ms-flex-negative:0;flex-shrink:0}.e-container>.elementor-widget-spacer>.elementor-widget-container,.e-container>.elementor-widget-spacer>.elementor-widget-container>.elementor-spacer{height:100%}.e-container>.elementor-widget-spacer>.elementor-widget-container>.elementor-spacer>.elementor-spacer-inner{height:var(--container-widget-height,var(--spacer-size))}<\/style>","protected":false},"excerpt":{"rendered":"<p>\u00a0 Projekti me Keshillin e Europes lidhur me Trajnimin e Avokateve mbi Konventen Europiane te te Drejtave te Njeriut dhe jurisprudencen e Gjykates Europiane te Srasburgut (2008-2010): Dhoma Kombetare e Avokatise ne bashkepunim me Keshillin e Europes ka zbatuar Programin: \u201cTrajnimi I avokateve mbi Konventen Europiane te te Drejtave te Njeriut dhe jurisprudencen e Gjykates Europiane te te Drejtave te Njeriut ne Strasburg\u201d mbeshtetur financiarisht me kontributet vullnetare te Qeverise se Norvegjise dhe Mbreterise se Bashkuar.Aktivitetet e zhvilluara ne kuader te ketij projekti: Faza e Pare gjate vitit 2008: 2 sesione dy-ditore mbi \u201cTrajnimin te Trajnereve\u201d-12 avokate shqiptare te trajnuar mbi KEDNJ dhe jurisprudencen e GJEDNJ; 1 vizite studimore ne Keshillin e Europes dhe Gjykaten e Straburgut; 5 rounde te trajnimit te avokateve ne te gjithe Shqiperine, ku u trajnuan rreth 250 avokate; Konferenca Kombetare e organizuar ne Vlore, me 2 Korrik 2008, me teme: \u201cRoli i avokatise ne Reformen Juridike ne Shqiperi\u201d me pjesemarrjen e eksperteve te larte nga Keshilli i Europes, organizata nderkombetare qe japin kontribut ne sistemin e drejtesise, dhe struktura te larta shteterore dhe institucione te pavarura. Aktivitet e fazes se dyte e projektit, 2010: 1 sesion dy-ditor i \u201cTrajnimit te Trajnereve\u201d me teme \u201cMetodologjia e Kerkimit Ligjor dhe Jurisprudenca e GjEDNJ\u201d; 2 sesione dy-ditore ku u trajnuan rreth 50 avokate te Dhomes se Avokatise se Tiranes dhe Kryetaret e Dhomave te Avokatise ne rrethe; Projekti \u201cPer Permirsimin e Bazes Ligjore dhe Institucionale te Dhomes Kombetare te Avokatise, me Fokus te Vecante Zbatimin e Rregullave te Etikes nga Avokatet\u201d: Dhoma Kombetare e Avokatise se Shqiperise (DH.K.A.SH) ne bashkepunim me Lord Slynn Foundation of Hardley dhe Keshillin e Barit te Anglise dhe Wells, prej vitit 2010 po zbatojne Projektin: \u201cPer Permirsimin e Bazes Ligjore dhe Institucionale te Dhomes Kombetare te Avokatise, me Fokus te Vecante Zbatimin e Rregullave te Etikes nga Avokatet\u201d, i mbeshtetur financiarisht nga Ambasada e Mbreterise se Bashkuar, ne Tirane. Ne kuader te ketij Projekti, DH.K.A.SH ne bashkepunim me ekspertet angleze po harton ndryshimet e nevojshme ligjore mbi aktet kryesore qe rregullojne profesionin e avokatit, vecanerisht ato mbi thjeshtezimin e procesit disiplinor dhe strukturave perkatese, por edhe per percaktimin e trajnimit detyrues per asistent avokatet dhe avokatet e licensuar. Ne kuader te Projektit, ne datat 28 Mars deri 2 Prill 2011, u zhvillua ne Londer, Mbreteria e Bashkuar, nje Vizite Studimore e avokateve shqiptare per te shkembyer eksperiencen e dy Bareve lidhur me procedurat e Displinimit te avokateve dhe Strukturat e Trajnimit Vazhdues. Delegacioni shqiptar kryesohej nga Av. Prof. as. Dr. Maksim R. Haxhia, Kryetar i Dhomes Kombetare te Avokateve te Shqiperise dhe kishte ne perberje anetare te Keshillit Drejtues te Dhomes Kombetare te Avokatise. Avokatet shqiptare u priten ne takime te vecanta nga Z. Petter Lodder QC, President i Barit te Anglise dhe Wells; Z. Simon Lofthouse QC, Kryetar i Komitetit Ankesave; Znj. Ann Barker, Ish-Komisionere e Ankesave te Bordit te Standarteve te Barit Anglez, etj. Grupi i eksperteve te Barit Anglez qe po punojne ne kete Projekt: Z.James Dingemans, Barrister QC, Drejtues i Projektit, ish kryetar i Komitetit Nd\u00ebrkomb\u00ebtar t\u00eb K\u00ebshillit t\u00eb Avokatis\u00eb, ish an\u00ebtar i Komitetit t\u00eb Sjelljes Profesionale t\u00eb K\u00ebshillit t\u00eb Avokatis\u00eb Z. Philip Bartle, Barrister, ish anetar i Komitetit te Sjelljes Profesionale t\u00eb K\u00ebshillit t\u00eb Avokatis\u00eb Z. Michel Aslangul, ekspert per Trajnimin; Zj. Klentiana Mahmutaj, Barrister; Zj. Ruduna Jasini, Kandidate per PhD n\u00eb Universitetin e Oksfordit; Projekti 5 vjecar i USAID-it (tetor 2010-tetor 2015) p\u00ebr Forcimin e Sektorit t\u00eb Drejt\u00ebsis\u00eb (USAID-JuST): Projekti 5 vjecar i USAID-it (tetor 2010 deri tetor 2015) p\u00ebr Forcimin e Sektorit t\u00eb Drejt\u00ebsis\u00eb (USAID-JuST) ka si komponent t\u00eb r\u00ebnd\u00ebsish\u00ebm t\u00eb tij zhvillimin e kapaciteteve dhe q\u00ebndrueshm\u00ebris\u00eb organizative t\u00eb profesionit t\u00eb avokatis\u00eb n\u00eb Shqip\u00ebri. Projekti JuST i USAID n\u00eb bashk\u00ebpunim me Dhom\u00ebn Komb\u00ebtare t\u00eb Avokatis\u00eb (DHKASH) dhe dhomat rajonale, ka filluar bashkepunimin prej vitit 2010 p\u00ebr t\u00eb forcuar profesionin e avokatit, p\u00ebrmes fuqizimit t\u00eb Dhom\u00ebs Komb\u00ebtare, krijimit t\u00eb nj\u00eb Reviste Komb\u00ebtare p\u00ebr Avokatin\u00eb dhe prezantimit t\u00eb programit t\u00eb Arsimimit Vazhdues Ligjor, si dhe organizimit t\u00eb nj\u00eb Konference Vjetore t\u00eb Avokat\u00ebve p\u00ebr t\u00eb trajtuar c\u00ebshtjet q\u00eb lidhen me profesionin e avokatit n\u00eb Shqip\u00ebri. N\u00eb kuad\u00ebr t\u00eb Programit te USAID p\u00ebr Forcimin e Sistemit t\u00eb Drejt\u00ebsis\u00eb n\u00eb Shqip\u00ebri (JuST), implementuar nga Chemonics International, DHKASH do te bashkepunoje me USAID per forcimin e kapaciteteve profesionale t\u00eb avokat\u00ebve aktiv\u00eb dhe asistent avokat\u00ebve, p\u00ebrmes krijimit dhe v\u00ebnies n\u00eb zbatim t\u00eb Programit t\u00eb Arsimimit Vazhdues Ligjor (AVL). Ne mbeshtetje te Marreveshjes se Mirekuptimit te firmosur nga Drejtori i USAID per Shqiperine, Z. Joseph Williams dhe Kryetari i DHKASH-s\u00eb, Z. Maksim Haxhia, Programi i AVL do te testohet, n\u00eb form\u00ebn e nj\u00eb projekti demonstrues ne Dhom\u00ebn Rajonale t\u00eb Vlor\u00ebs dhe Durr\u00ebsit dhe zbatimi i ketij programi do t\u00eb realizohet nga Qendra Shqiptare p\u00ebr Trajnime e Studime Juridike (ACLTS), me fonde t\u00eb siguruara nga USAID dhe DHKASH, n\u00eb pajtim me Seksionin 6 t\u00eb Mareveshjes se nenshkruar ndermjet USAID dhe DHKASH me date 12 Maj 2011. Aktivitet e zhvilluara ne kuader te Projektit: Tryeza Bashkebisedimi ne Dhomat Rajonale te Avokatise: Si nj\u00eb hap i par\u00eb p\u00ebr t\u00eb mbledhur idet\u00eb dhe rekomandimet e avokat\u00ebve drejt forcimit t\u00eb profesionit t\u00eb tyre, ekipi i projektit JuST organizoi gjat\u00eb periudh\u00ebs dhjetor 2010-janar 2011, tre takime n\u00eb form\u00ebn e fokus-grupeve me dhomat rajonale t\u00eb Vlor\u00ebs, Durr\u00ebsit dhe Lezh\u00ebs. K\u00ebto takime u organizuan n\u00eb bashk\u00ebpunim me DHKASH-n\u00eb. N\u00eb tri takimet e fokus-grupeve pati nj\u00eb pjes\u00ebmarrje t\u00eb gjer\u00eb prej 110 avokat\u00ebsh dhe asistentavokat\u00ebsh nga t\u00eb tri qytetet e lartp\u00ebrmendur, si dhe nga dhomat rajonale t\u00eb rajoneve p\u00ebrkat\u00ebse; Organizimi i sesioneve te Brainstorming ne Durres dhe Vlore: N\u00eb datat 5 Qershor dhe 11 Qershor u realizuan respektivisht pran\u00eb Dhom\u00ebs Lokale t\u00eb Avokatis\u00eb n\u00eb Durr\u00ebs dhe Vlor\u00eb dy sesione brainstroming, me pjes\u00ebmarrjen e ekspert\u00ebve t\u00eb ACLTS-s\u00eb, t\u00eb Dhom\u00ebs Komb\u00ebtare t\u00eb Avokat\u00ebs dhe t\u00eb Projektit JuST. N\u00eb takimin e Durr\u00ebsit mor\u00ebn pjes\u00eb 25 avokat\u00eb e asistent\u00eb dhe n\u00eb at\u00eb t\u00eb Vlor\u00ebs mor\u00ebn pjes\u00eb 45 avokat\u00eb dhe asistent\u00eb; Q\u00ebllimi i k\u00ebtyre sesioneve ishte promovimi i programit t\u00eb trajnimit dhe i projektit nj\u00eb vjecar maj 2011-qershor 2012, si dhe nd\u00ebrtimi i shkall\u00ebs s\u00eb prioriteteve p\u00ebr 12 [&hellip;]<\/p>","protected":false},"author":1,"featured_media":0,"parent":0,"menu_order":0,"comment_status":"closed","ping_status":"closed","template":"","meta":{"footnotes":""},"class_list":["post-3705","page","type-page","status-publish","hentry","post-no-thumbnail"],"_links":{"self":[{"href":"https:\/\/dhka.org.al\/en\/wp-json\/wp\/v2\/pages\/3705","targetHints":{"allow":["GET"]}}],"collection":[{"href":"https:\/\/dhka.org.al\/en\/wp-json\/wp\/v2\/pages"}],"about":[{"href":"https:\/\/dhka.org.al\/en\/wp-json\/wp\/v2\/types\/page"}],"author":[{"embeddable":true,"href":"https:\/\/dhka.org.al\/en\/wp-json\/wp\/v2\/users\/1"}],"replies":[{"embeddable":true,"href":"https:\/\/dhka.org.al\/en\/wp-json\/wp\/v2\/comments?post=3705"}],"version-history":[{"count":8,"href":"https:\/\/dhka.org.al\/en\/wp-json\/wp\/v2\/pages\/3705\/revisions"}],"predecessor-version":[{"id":4853,"href":"https:\/\/dhka.org.al\/en\/wp-json\/wp\/v2\/pages\/3705\/revisions\/4853"}],"wp:attachment":[{"href":"https:\/\/dhka.org.al\/en\/wp-json\/wp\/v2\/media?parent=3705"}],"curies":[{"name":"wp","href":"https:\/\/api.w.org\/{rel}","templated":true}]}}