{"id":3724,"date":"2022-09-27T12:29:05","date_gmt":"2022-09-27T12:29:05","guid":{"rendered":"http:\/\/188.166.45.142\/?page_id=3724"},"modified":"2022-09-27T12:30:32","modified_gmt":"2022-09-27T12:30:32","slug":"aplikim-mesimdhenie","status":"publish","type":"page","link":"https:\/\/dhka.org.al\/en\/aplikim-mesimdhenie\/","title":{"rendered":"Teaching Application"},"content":{"rendered":"<div data-elementor-type=\"wp-page\" data-elementor-id=\"3724\" class=\"elementor elementor-3724\">\n\t\t\t\t\t\t<section class=\"elementor-section elementor-top-section elementor-element elementor-element-5f74e78 elementor-section-boxed elementor-section-gap-beside-yes elementor-section-height-default elementor-section-height-default elementor-section-column-vertical-align-stretch\" data-id=\"5f74e78\" data-element_type=\"section\">\n\t\t\t\t\t\t<div class=\"elementor-container elementor-column-gap-extended\">\n\t\t\t\t\t<div class=\"elementor-column elementor-col-100 elementor-top-column elementor-element elementor-element-0b9db25\" data-id=\"0b9db25\" data-element_type=\"column\">\n\t\t\t<div class=\"elementor-widget-wrap elementor-element-populated\">\n\t\t\t\t\t\t<div class=\"elementor-element elementor-element-c6997ad elementor-widget elementor-widget-text-editor\" data-id=\"c6997ad\" data-element_type=\"widget\" data-widget_type=\"text-editor.default\">\n\t\t\t\t<div class=\"elementor-widget-container\">\n\t\t\t<style>\/*! elementor - v3.22.0 - 26-06-2024 *\/\n.elementor-widget-text-editor.elementor-drop-cap-view-stacked .elementor-drop-cap{background-color:#69727d;color:#fff}.elementor-widget-text-editor.elementor-drop-cap-view-framed .elementor-drop-cap{color:#69727d;border:3px solid;background-color:transparent}.elementor-widget-text-editor:not(.elementor-drop-cap-view-default) .elementor-drop-cap{margin-top:8px}.elementor-widget-text-editor:not(.elementor-drop-cap-view-default) .elementor-drop-cap-letter{width:1em;height:1em}.elementor-widget-text-editor .elementor-drop-cap{float:left;text-align:center;line-height:1;font-size:50px}.elementor-widget-text-editor .elementor-drop-cap-letter{display:inline-block}<\/style>\t\t\t\t<p>\u00a0<\/p><p>The National School of Advocacy launches the campaign for accepting applications for teaching staff at the National School of Advocacy for the 2015-2016 season.<\/p><p>The Scientific Committee at the National School of Advocacy has determined the criteria for admission according to subjects as follows:<\/p><ul><li><p>Criminal law.<\/p><\/li><li><p>Criminal Procedure.<\/p><\/li><li><p>Civil Procedure.<\/p><\/li><li><p>Public right.<\/p><p>Professional Preparation.<\/p><\/li><li><p>Private Law (Part One)<\/p><\/li><li><p>Civil Law.<\/p><\/li><li><p>The Law of Obligations.<\/p><\/li><li><p>Private Law (Part Two)<\/p><\/li><li><p>Commercial Law.<\/p><\/li><li><p>Family Law.<\/p><\/li><li><p>Labor Law.<\/p><p>Applicant candidates, as a rule, must meet the following criteria:<\/p><\/li><li><p>To have high moral and professional integrity.<\/p><\/li><li><p>Have experience in the field of teaching and in the academic world.<\/p><\/li><li><p>Have good communication skills.<\/p><\/li><li><p>To possess a high level and scientific experience, proven through evidence in the direction of<\/p><\/li><li><p>Monographs, articles and publications in scientific journals at home and abroad, as author or co-author.<\/p><\/li><li><p>Lecturer at national and international scientific conferences.<\/p><\/li><li><p>Experienced and experienced in basic and applicable research projects in the field of jurisprudence.<\/p><\/li><li><p>To have leadership of Master&#039;s and doctoral subjects.<\/p><p>Applicants must express their preference for participation in teaching according to the above subjects. During the selection process, priority will be given to candidates:<\/p><p>\u00a0<\/p><\/li><\/ul><p>\u00a0<\/p><ul><li><p>From the ranks of the lawyer, with an experience and active experience in practicing the profession of lawyer for no less than 10 years, as well as having an active contribution to the activity of the Chamber.<\/p><\/li><li><p>From the ranks of the judiciary or prosecution for applicants with experience in these duties of no less than 20 years.<\/p><\/li><li><p>From the academic and scientific world with a work experience in higher education institutions in the Republic of Albania (public higher education institutions are preferred), for a period of not less than 10 years.<\/p><\/li><li><p>Personalities in the field who hold the scientific title of Professor, Associate Professor and Doctor of Legal Sciences.<\/p><p>\u00a0<\/p><p>Requests for application will be submitted to the directorate of the National School of Advocacy, based in the premises of the National Chamber of Advocacy, by October 10, 2016. Applicants must also submit a copy of their CV, as well as supporting documents, together with the request the scientific and professional activity cited in the above criteria.<\/p><p>\u00a0<\/p><\/li><\/ul><p><b>THE SCIENTIFIC COMMITTEE OF THE GO<\/b><\/p>\t\t\t\t\t\t<\/div>\n\t\t\t\t<\/div>\n\t\t\t\t<div class=\"elementor-element elementor-element-413e839 elementor-widget elementor-widget-spacer\" data-id=\"413e839\" data-element_type=\"widget\" data-widget_type=\"spacer.default\">\n\t\t\t\t<div class=\"elementor-widget-container\">\n\t\t\t<style>\/*! elementor - v3.22.0 - 26-06-2024 *\/\n.elementor-column .elementor-spacer-inner{height:var(--spacer-size)}.e-con{--container-widget-width:100%}.e-con-inner>.elementor-widget-spacer,.e-con>.elementor-widget-spacer{width:var(--container-widget-width,var(--spacer-size));--align-self:var(--container-widget-align-self,initial);--flex-shrink:0}.e-con-inner>.elementor-widget-spacer>.elementor-widget-container,.e-con>.elementor-widget-spacer>.elementor-widget-container{height:100%;width:100%}.e-con-inner>.elementor-widget-spacer>.elementor-widget-container>.elementor-spacer,.e-con>.elementor-widget-spacer>.elementor-widget-container>.elementor-spacer{height:100%}.e-con-inner>.elementor-widget-spacer>.elementor-widget-container>.elementor-spacer>.elementor-spacer-inner,.e-con>.elementor-widget-spacer>.elementor-widget-container>.elementor-spacer>.elementor-spacer-inner{height:var(--container-widget-height,var(--spacer-size))}.e-con-inner>.elementor-widget-spacer.elementor-widget-empty,.e-con>.elementor-widget-spacer.elementor-widget-empty{position:relative;min-height:22px;min-width:22px}.e-con-inner>.elementor-widget-spacer.elementor-widget-empty .elementor-widget-empty-icon,.e-con>.elementor-widget-spacer.elementor-widget-empty .elementor-widget-empty-icon{position:absolute;top:0;bottom:0;left:0;right:0;margin:auto;padding:0;width:22px;height:22px}<\/style>\t\t<div class=\"elementor-spacer\">\n\t\t\t<div class=\"elementor-spacer-inner\"><\/div>\n\t\t<\/div>\n\t\t\t\t<\/div>\n\t\t\t\t<\/div>\n\t\t\t\t\t<\/div>\n\t\t<\/div>\n\t\t\t\t\t<\/div>\n\t\t<\/section>\n\t\t\t\t<\/div>","protected":false},"excerpt":{"rendered":"<p>\u00a0 Shkolla Kombetare e Avokatis\u00eb cel fushat\u00ebn e pranimit t\u00eb aplikimeve p\u00ebr staf m\u00ebsimdh\u00ebn\u00ebs pran\u00eb Shkoll\u00ebs Komb\u00ebtare t\u00eb Avokatis\u00eb p\u00ebr sezonin 2015 \u2013 2016. Komiteti Shkencor pran\u00eb Shkoll\u00ebs Komb\u00ebtare t\u00eb Avokatis\u00eb ka p\u00ebrcaktuar kriteret p\u00ebr pranim sipas l\u00ebnd\u00ebve si m\u00eb posht\u00eb: E drejta Penale. Procedur\u00eb Penale. Procedur\u00eb Civile. E Drejta Publike. P\u00ebrgatitje Profesionale. E drejta Private (Pjesa e Par\u00eb) E drejta Civile. E Drejta e detyrimeve. E drejta Private (Pjesa e Dyt\u00eb) E Drejta Treg\u00ebtare. E Drejta Familjare. E Drejta e Pun\u00ebse. Kandidat\u00ebt aplikant\u00eb, si regull duhet t\u00eb plot\u00ebsojn\u00eb kriteret si m\u00eb posht\u00eb: T\u00eb ket\u00eb integritet t\u00eb lart\u00eb moral dhe profesional. T\u00eb ket\u00eb p\u00ebrvoj\u00eb n\u00eb fush\u00ebn e m\u00ebsimdh\u00ebnies dhe n\u00eb bot\u00ebn akademike. T\u00eb ket\u00eb aft\u00ebsi t\u00eb mira komunikuese. T\u00eb zot\u00ebroj\u00eb nivel t\u00eb lart\u00eb dhe p\u00ebrvoj\u00eb shkencore, t\u00eb provuar n\u00ebp\u00ebrmjet d\u00ebshmive n\u00eb drejtim t\u00eb Monografive, artikujve dhe publikimeve n\u00eb revista shkencore brenda dhe jasht\u00eb vendit, si autor ose bashkautor. Lektorit n\u00eb konferenca shkencore komb\u00ebtare dhe nd\u00ebrkomb\u00ebtare. P\u00ebrvoj\u00ebs dhe eksperienc\u00ebs n\u00eb projekte t\u00eb k\u00ebrkimeve themelore dhe t\u00eb aplikueshme n\u00eb fush\u00ebn e jurisprudenc\u00ebs. T\u00eb ket\u00eb udh\u00ebheqje t\u00eb temave Master dhe doktoratur\u00eb. Aplikant\u00ebt duhet t\u00eb shprehin preferenc\u00ebn e tyre p\u00ebr pjes\u00ebmarje n\u00eb m\u00ebsimdh\u00ebnie sipas l\u00ebnd\u00ebve t\u00eb m\u00ebsip\u00ebrme. Gjat\u00eb procesit t\u00eb p\u00ebrzgjedhjes do tu jepet prioritet kandidat\u00ebve : \u00a0 \u00a0 Nga radh\u00ebt e avokatis\u00eb, me nj\u00eb eksperienc\u00eb dhe p\u00ebrvoj\u00eb aktive n\u00eb ushtrimin e profesionit t\u00eb avokatit prej jo m\u00eb pak se 10 vjet, si dhe t\u00eb ket\u00eb kontribut aktiv n\u00eb veprimtarin\u00eb e Dhom\u00ebs. Nga radh\u00ebt e gjyq\u00ebsorit apo prokuroris\u00eb p\u00ebr aplikant\u00ebt me eksperienc\u00eb n\u00eb k\u00ebto detyra prej jo m\u00eb pak se 20 vjet. Nga bota akademiko shkencore me nj\u00eb eksperienc\u00eb pune n\u00eb institucionet e arsimit t\u00eb lart\u00eb n\u00eb Republik\u00ebn e Shqip\u00ebris\u00eb (preferohen n\u00eb institucionet e arsimit t\u00eb lart\u00eb publik), p\u00ebr nj\u00eb periudhe jo m\u00eb pak se 10 vjet. Personaliteteve t\u00eb fush\u00ebs t\u00eb cil\u00ebt zot\u00ebrojn\u00eb titull shkencor Profesor, Profesor i Associuar dhe Doktor Shkencave juridike. \u00a0 K\u00ebrkesat p\u00ebr aplikim do t\u00eb depozitohen pran\u00eb drejtoris\u00eb s\u00eb Shkoll\u00ebs Komb\u00ebtare t\u00eb Avokatis\u00eb, me seli n\u00eb ambientet e Dhom\u00ebs Komb\u00ebtare t\u00eb Avokatis\u00eb, brenda dat\u00ebs 10 Tetor 2016. Aplikant\u00ebt bashk\u00eb me k\u00ebrkes\u00ebn duhet t\u00eb depozitojn\u00eb edhe nj\u00eb kopje t\u00eb CV s\u00eb tyre, si dhe dokumenta q\u00eb v\u00ebrtetojn\u00eb aktivitetin e shkencor e profesional t\u00eb cituar n\u00eb kriteret e m\u00ebsip\u00ebrme. \u00a0 KOMITETI SHKENCOR I SHKA<\/p>","protected":false},"author":1,"featured_media":0,"parent":0,"menu_order":0,"comment_status":"closed","ping_status":"closed","template":"","meta":{"footnotes":""},"class_list":["post-3724","page","type-page","status-publish","hentry","post-no-thumbnail"],"_links":{"self":[{"href":"https:\/\/dhka.org.al\/en\/wp-json\/wp\/v2\/pages\/3724","targetHints":{"allow":["GET"]}}],"collection":[{"href":"https:\/\/dhka.org.al\/en\/wp-json\/wp\/v2\/pages"}],"about":[{"href":"https:\/\/dhka.org.al\/en\/wp-json\/wp\/v2\/types\/page"}],"author":[{"embeddable":true,"href":"https:\/\/dhka.org.al\/en\/wp-json\/wp\/v2\/users\/1"}],"replies":[{"embeddable":true,"href":"https:\/\/dhka.org.al\/en\/wp-json\/wp\/v2\/comments?post=3724"}],"version-history":[{"count":4,"href":"https:\/\/dhka.org.al\/en\/wp-json\/wp\/v2\/pages\/3724\/revisions"}],"predecessor-version":[{"id":3728,"href":"https:\/\/dhka.org.al\/en\/wp-json\/wp\/v2\/pages\/3724\/revisions\/3728"}],"wp:attachment":[{"href":"https:\/\/dhka.org.al\/en\/wp-json\/wp\/v2\/media?parent=3724"}],"curies":[{"name":"wp","href":"https:\/\/api.w.org\/{rel}","templated":true}]}}