{"id":5258,"date":"2026-04-27T14:28:55","date_gmt":"2026-04-27T12:28:55","guid":{"rendered":"https:\/\/dhka.org.al\/?page_id=5258"},"modified":"2026-04-27T14:30:09","modified_gmt":"2026-04-27T12:30:09","slug":"rreth-nesh","status":"publish","type":"page","link":"https:\/\/dhka.org.al\/en\/rreth-nesh\/","title":{"rendered":"About Us"},"content":{"rendered":"<div data-elementor-type=\"wp-page\" data-elementor-id=\"5258\" class=\"elementor elementor-5258\">\n\t\t\t\t\t\t<section class=\"elementor-section elementor-top-section elementor-element elementor-element-7fe052a elementor-section-boxed elementor-section-gap-beside-yes elementor-section-height-default elementor-section-height-default elementor-section-column-vertical-align-stretch\" data-id=\"7fe052a\" data-element_type=\"section\">\n\t\t\t\t\t\t<div class=\"elementor-container elementor-column-gap-extended\">\n\t\t\t\t\t<div class=\"elementor-column elementor-col-100 elementor-top-column elementor-element elementor-element-98d4166\" data-id=\"98d4166\" data-element_type=\"column\">\n\t\t\t<div class=\"elementor-widget-wrap elementor-element-populated\">\n\t\t\t\t\t\t<div class=\"elementor-element elementor-element-f13ec74 elementor-widget elementor-widget-text-editor\" data-id=\"f13ec74\" data-element_type=\"widget\" data-widget_type=\"text-editor.default\">\n\t\t\t\t<div class=\"elementor-widget-container\">\n\t\t\t<style>\/*! elementor - v3.22.0 - 26-06-2024 *\/\n.elementor-widget-text-editor.elementor-drop-cap-view-stacked .elementor-drop-cap{background-color:#69727d;color:#fff}.elementor-widget-text-editor.elementor-drop-cap-view-framed .elementor-drop-cap{color:#69727d;border:3px solid;background-color:transparent}.elementor-widget-text-editor:not(.elementor-drop-cap-view-default) .elementor-drop-cap{margin-top:8px}.elementor-widget-text-editor:not(.elementor-drop-cap-view-default) .elementor-drop-cap-letter{width:1em;height:1em}.elementor-widget-text-editor .elementor-drop-cap{float:left;text-align:center;line-height:1;font-size:50px}.elementor-widget-text-editor .elementor-drop-cap-letter{display:inline-block}<\/style>\t\t\t\t<section class=\"text-token-text-primary w-full focus:outline-none [--shadow-height:45px] has-data-writing-block:pointer-events-none has-data-writing-block:-mt-(--shadow-height) has-data-writing-block:pt-(--shadow-height) [&amp;:has([data-writing-block])&gt;*]:pointer-events-auto [content-visibility:auto] supports-[content-visibility:auto]:[contain-intrinsic-size:auto_100lvh] R6Vx5W_threadScrollVars scroll-mb-[calc(var(--scroll-root-safe-area-inset-bottom,0px)+var(--thread-response-height))] scroll-mt-[calc(var(--header-height)+min(200px,max(70px,20svh)))]\" dir=\"auto\" data-turn-id=\"request-WEB:91597078-7302-465f-9d34-61d4ec18374a-0\" data-testid=\"conversation-turn-2\" data-scroll-anchor=\"false\" data-turn=\"assistant\"><div class=\"text-base my-auto mx-auto pb-10 [--thread-content-margin:var(--thread-content-margin-xs,calc(var(--spacing)*4))] @w-sm\/main:[--thread-content-margin:var(--thread-content-margin-sm,calc(var(--spacing)*6))] @w-lg\/main:[--thread-content-margin:var(--thread-content-margin-lg,calc(var(--spacing)*16))] px-(--thread-content-margin)\"><div class=\"[--thread-content-max-width:40rem] @w-lg\/main:[--thread-content-max-width:48rem] mx-auto max-w-(--thread-content-max-width) flex-1 group\/turn-messages focus-visible:outline-hidden relative flex w-full min-w-0 flex-col agent-turn\"><div class=\"flex max-w-full flex-col gap-4 grow\"><div class=\"min-h-8 text-message relative flex w-full flex-col items-end gap-2 text-start break-words whitespace-normal outline-none keyboard-focused:focus-ring [.text-message+&amp;]:mt-1\" dir=\"auto\" tabindex=\"0\" data-message-author-role=\"assistant\" data-message-id=\"5f822761-ea14-44a7-aa8d-9e1c5305870b\" data-message-model-slug=\"gpt-5-3-mini\" data-turn-start-message=\"true\"><div class=\"flex w-full flex-col gap-1 empty:hidden\"><div class=\"markdown prose dark:prose-invert w-full wrap-break-word dark markdown-new-styling\"><p data-start=\"16\" data-end=\"370\">The National Chamber of Advocates of Albania is the representative institution of the legal profession, established as a legal entity with NGO status, operating in accordance with the Constitution of the Republic of Albania and Law No. 55, dated 23.07.2018 \u201cOn the Profession of Advocate in the Republic of Albania\u201d, as well as its internal regulations.<\/p><p data-start=\"372\" data-end=\"618\">Our mission is to support, guide, and strengthen the legal profession by establishing high ethical and professional standards, while ensuring its continuous development in line with modern best practices.<\/p><p data-start=\"620\" data-end=\"932\">Within this framework, the National Chamber of Advocates provides a wide range of services and professional development programs, including registration and mandatory internship for candidate attorneys, continuous training, and support in legal and administrative processes related to the practice of the profession.<\/p><p data-start=\"934\" data-end=\"1146\">Special attention is given to the preparation of the new generation of lawyers through the School of Advocacy, as well as to the promotion of legal research through the Scientific Journal \u201cAVOKATIA\u201d.<\/p><p data-start=\"1148\" data-end=\"1337\">The Chamber also strengthens international relations and cooperation with the Albanian diaspora, aiming to enhance integration and exchange of professional experience at a global level.<\/p><p data-start=\"1339\" data-end=\"1569\">We believe that justice is the first step toward a fairer and more developed society. Therefore, our commitment remains to inspire and support future lawyers on their path to professional success.<\/p><p data-start=\"1571\" data-end=\"1615\" data-is-last-node=\"\" data-is-only-node=\"\"><strong data-start=\"1571\" data-end=\"1615\" data-is-last-node=\"\">Justice. Professionalism. Integrity.<\/strong><\/p><\/div><\/div><\/div><\/div><div class=\"z-0 flex min-h-[46px] justify-start\">\u00a0<\/div><div class=\"mt-3 w-full empty:hidden\"><div class=\"text-center\">\u00a0<\/div><\/div><\/div><\/div><\/section><div class=\"pointer-events-none -mt-px h-px translate-y-[calc(var(--scroll-root-safe-area-inset-bottom)-14*var(--spacing))]\" aria-hidden=\"true\">\u00a0<\/div>\t\t\t\t\t\t<\/div>\n\t\t\t\t<\/div>\n\t\t\t\t\t<\/div>\n\t\t<\/div>\n\t\t\t\t\t<\/div>\n\t\t<\/section>\n\t\t\t\t<\/div>","protected":false},"excerpt":{"rendered":"<p>Dhoma Komb\u00ebtare e Avokatis\u00eb e Shqip\u00ebris\u00eb \u00ebsht\u00eb institucioni p\u00ebrfaq\u00ebsues i profesionit t\u00eb avokatit, i organizuar si person juridik me status OJF, q\u00eb ushtron veprimtarin\u00eb e saj n\u00eb p\u00ebrputhje me Kushtetut\u00ebn e Republik\u00ebs s\u00eb Shqip\u00ebris\u00eb dhe Ligjin nr. 55, dat\u00eb 23.07.2018 \u201cP\u00ebr Profesionin e Avokatit n\u00eb Republik\u00ebn e Shqip\u00ebris\u00eb\u201d, si dhe aktet e saj t\u00eb brendshme. Misioni yn\u00eb \u00ebsht\u00eb t\u00eb mb\u00ebshtesim, t\u00eb udh\u00ebheqim dhe t\u00eb forcojm\u00eb profesionin e avokatit, duke krijuar standarde t\u00eb larta etike dhe profesionale, si dhe duke garantuar zhvillimin e vazhduesh\u00ebm t\u00eb tij n\u00eb p\u00ebrputhje me praktikat m\u00eb t\u00eb mira bashk\u00ebkohore. N\u00eb k\u00ebt\u00eb kuad\u00ebr, Dhoma Komb\u00ebtare e Avokatis\u00eb ofron nj\u00eb gam\u00eb t\u00eb gjer\u00eb sh\u00ebrbimesh dhe programesh zhvillimi profesional, p\u00ebrfshir\u00eb regjistrimin dhe stazhin e detyruesh\u00ebm p\u00ebr kandidat\u00ebt p\u00ebr avokat, trajnime t\u00eb vazhdueshme, si dhe mb\u00ebshtetje n\u00eb proceset ligjore dhe administrative q\u00eb lidhen me ushtrimin e profesionit. Nj\u00eb v\u00ebmendje e ve\u00e7ant\u00eb i kushtohet p\u00ebrgatitjes s\u00eb brezit t\u00eb ri t\u00eb jurist\u00ebve dhe avokat\u00ebve p\u00ebrmes Shkoll\u00ebs s\u00eb Avokatis\u00eb, si dhe nxitjes s\u00eb k\u00ebrkimit shkencor n\u00eb fush\u00ebn juridike p\u00ebrmes Revist\u00ebs Shkencore \u201cAVOKATIA\u201d. Gjithashtu, Dhoma forcon vazhdimisht marr\u00ebdh\u00ebniet nd\u00ebrkomb\u00ebtare dhe bashk\u00ebpunimin me diaspor\u00ebn shqiptare, duke synuar integrimin dhe shk\u00ebmbimin e eksperiencave profesionale n\u00eb nivel global. Ne besojm\u00eb se drejt\u00ebsia \u00ebsht\u00eb hapi i par\u00eb drejt nj\u00eb shoq\u00ebrie m\u00eb t\u00eb drejt\u00eb dhe m\u00eb t\u00eb zhvilluar. P\u00ebr k\u00ebt\u00eb arsye, angazhimi yn\u00eb mbetet t\u00eb inspirojm\u00eb dhe t\u00eb mb\u00ebshtesim avokat\u00ebt e s\u00eb ardhmes n\u00eb rrug\u00ebn e tyre drejt suksesit profesional. Drejt\u00ebsia. Profesionalizmi. Integriteti. \u00a0\u00a0 \u00a0<\/p>","protected":false},"author":1,"featured_media":0,"parent":0,"menu_order":0,"comment_status":"closed","ping_status":"closed","template":"","meta":{"footnotes":""},"class_list":["post-5258","page","type-page","status-publish","hentry","post-no-thumbnail"],"_links":{"self":[{"href":"https:\/\/dhka.org.al\/en\/wp-json\/wp\/v2\/pages\/5258","targetHints":{"allow":["GET"]}}],"collection":[{"href":"https:\/\/dhka.org.al\/en\/wp-json\/wp\/v2\/pages"}],"about":[{"href":"https:\/\/dhka.org.al\/en\/wp-json\/wp\/v2\/types\/page"}],"author":[{"embeddable":true,"href":"https:\/\/dhka.org.al\/en\/wp-json\/wp\/v2\/users\/1"}],"replies":[{"embeddable":true,"href":"https:\/\/dhka.org.al\/en\/wp-json\/wp\/v2\/comments?post=5258"}],"version-history":[{"count":4,"href":"https:\/\/dhka.org.al\/en\/wp-json\/wp\/v2\/pages\/5258\/revisions"}],"predecessor-version":[{"id":5262,"href":"https:\/\/dhka.org.al\/en\/wp-json\/wp\/v2\/pages\/5258\/revisions\/5262"}],"wp:attachment":[{"href":"https:\/\/dhka.org.al\/en\/wp-json\/wp\/v2\/media?parent=5258"}],"curies":[{"name":"wp","href":"https:\/\/api.w.org\/{rel}","templated":true}]}}