{"id":5263,"date":"2026-04-27T14:30:54","date_gmt":"2026-04-27T12:30:54","guid":{"rendered":"https:\/\/dhka.org.al\/?page_id=5263"},"modified":"2026-04-27T14:31:21","modified_gmt":"2026-04-27T12:31:21","slug":"legal","status":"publish","type":"page","link":"https:\/\/dhka.org.al\/en\/legal\/","title":{"rendered":"Legal Information"},"content":{"rendered":"<div data-elementor-type=\"wp-page\" data-elementor-id=\"5263\" class=\"elementor elementor-5263\">\n\t\t\t\t\t\t<section class=\"elementor-section elementor-top-section elementor-element elementor-element-97436e8 elementor-section-boxed elementor-section-gap-beside-yes elementor-section-height-default elementor-section-height-default elementor-section-column-vertical-align-stretch\" data-id=\"97436e8\" data-element_type=\"section\">\n\t\t\t\t\t\t<div class=\"elementor-container elementor-column-gap-extended\">\n\t\t\t\t\t<div class=\"elementor-column elementor-col-100 elementor-top-column elementor-element elementor-element-5a7c2cd\" data-id=\"5a7c2cd\" data-element_type=\"column\">\n\t\t\t<div class=\"elementor-widget-wrap elementor-element-populated\">\n\t\t\t\t\t\t<div class=\"elementor-element elementor-element-298331a elementor-widget elementor-widget-text-editor\" data-id=\"298331a\" data-element_type=\"widget\" data-widget_type=\"text-editor.default\">\n\t\t\t\t<div class=\"elementor-widget-container\">\n\t\t\t<style>\/*! elementor - v3.22.0 - 26-06-2024 *\/\n.elementor-widget-text-editor.elementor-drop-cap-view-stacked .elementor-drop-cap{background-color:#69727d;color:#fff}.elementor-widget-text-editor.elementor-drop-cap-view-framed .elementor-drop-cap{color:#69727d;border:3px solid;background-color:transparent}.elementor-widget-text-editor:not(.elementor-drop-cap-view-default) .elementor-drop-cap{margin-top:8px}.elementor-widget-text-editor:not(.elementor-drop-cap-view-default) .elementor-drop-cap-letter{width:1em;height:1em}.elementor-widget-text-editor .elementor-drop-cap{float:left;text-align:center;line-height:1;font-size:50px}.elementor-widget-text-editor .elementor-drop-cap-letter{display:inline-block}<\/style>\t\t\t\t<section class=\"text-token-text-primary w-full focus:outline-none [--shadow-height:45px] has-data-writing-block:pointer-events-none has-data-writing-block:-mt-(--shadow-height) has-data-writing-block:pt-(--shadow-height) [&amp;:has([data-writing-block])&gt;*]:pointer-events-auto [content-visibility:auto] supports-[content-visibility:auto]:[contain-intrinsic-size:auto_100lvh] R6Vx5W_threadScrollVars scroll-mb-[calc(var(--scroll-root-safe-area-inset-bottom,0px)+var(--thread-response-height))] scroll-mt-[calc(var(--header-height)+min(200px,max(70px,20svh)))]\" dir=\"auto\" data-turn-id=\"request-WEB:91597078-7302-465f-9d34-61d4ec18374a-1\" data-testid=\"conversation-turn-4\" data-scroll-anchor=\"false\" data-turn=\"assistant\"><div class=\"text-base my-auto mx-auto pb-10 [--thread-content-margin:var(--thread-content-margin-xs,calc(var(--spacing)*4))] @w-sm\/main:[--thread-content-margin:var(--thread-content-margin-sm,calc(var(--spacing)*6))] @w-lg\/main:[--thread-content-margin:var(--thread-content-margin-lg,calc(var(--spacing)*16))] px-(--thread-content-margin)\"><div class=\"[--thread-content-max-width:40rem] @w-lg\/main:[--thread-content-max-width:48rem] mx-auto max-w-(--thread-content-max-width) flex-1 group\/turn-messages focus-visible:outline-hidden relative flex w-full min-w-0 flex-col agent-turn\"><div class=\"flex max-w-full flex-col gap-4 grow\"><div class=\"min-h-8 text-message relative flex w-full flex-col items-end gap-2 text-start break-words whitespace-normal outline-none keyboard-focused:focus-ring [.text-message+&amp;]:mt-1\" dir=\"auto\" tabindex=\"0\" data-message-author-role=\"assistant\" data-message-id=\"34b3829c-47e4-4453-9f49-855b814ee348\" data-message-model-slug=\"gpt-5-3-mini\" data-turn-start-message=\"true\"><div class=\"flex w-full flex-col gap-1 empty:hidden\"><div class=\"markdown prose dark:prose-invert w-full wrap-break-word dark markdown-new-styling\"><p data-start=\"24\" data-end=\"227\">The National Chamber of Advocates of Albania is a legal entity with the status of a Non-Profit Organization (NGO), established and operating under the current legislation of the Republic of Albania.<\/p><p data-start=\"229\" data-end=\"263\">Its activity is governed by:<\/p><ul data-start=\"264\" data-end=\"501\"><li data-section-id=\"9otuvc\" data-start=\"264\" data-end=\"305\">The Constitution of the Republic of Albania<\/li><li data-section-id=\"1e1olk4\" data-start=\"306\" data-end=\"395\">Law No. 55, dated 23.07.2018 \u201cOn the Profession of Advocate in the Republic of Albania\u201d<\/li><li data-section-id=\"19z28h3\" data-start=\"396\" data-end=\"439\">The Statute of the National Chamber of Advocates<\/li><li data-section-id=\"17cg4s3\" data-start=\"440\" data-end=\"501\">Sub-legal acts and decisions of its governing bodies<\/li><\/ul><p data-start=\"503\" data-end=\"709\">The Chamber ensures the practice of the legal profession in compliance with ethical and professional standards, overseeing the registration, education, training, and continuous development of lawyers in Albania.<\/p><p data-start=\"711\" data-end=\"877\">All rights related to the content, materials, and publications of this institution are protected and may not be used or reproduced without prior authorization.<\/p><p data-start=\"879\" data-end=\"908\"><strong data-start=\"879\" data-end=\"908\">Official contact information:<\/strong><\/p><ul data-start=\"909\" data-end=\"1010\" data-is-last-node=\"\" data-is-only-node=\"\"><li data-section-id=\"1uclh5t\" data-start=\"909\" data-end=\"936\">Email: <a class=\"decorated-link cursor-pointer\" rel=\"noopener\" data-start=\"918\" data-end=\"934\">info@dhka.org.al<\/a><\/li><li data-section-id=\"bbtnof\" data-start=\"937\" data-end=\"987\">Address: \u201cAbdi Toptani\u201d Street, Tirana, Albania<\/li><li data-section-id=\"150p8v2\" data-start=\"988\" data-end=\"1010\" data-is-last-node=\"\">Phone: +355 422 518 76<\/li><\/ul><\/div><\/div><\/div><\/div><\/div><\/div><\/section>\t\t\t\t\t\t<\/div>\n\t\t\t\t<\/div>\n\t\t\t\t\t<\/div>\n\t\t<\/div>\n\t\t\t\t\t<\/div>\n\t\t<\/section>\n\t\t\t\t<\/div>","protected":false},"excerpt":{"rendered":"<p>Dhoma Komb\u00ebtare e Avokatis\u00eb e Shqip\u00ebris\u00eb \u00ebsht\u00eb nj\u00eb person juridik me status t\u00eb Organizat\u00ebs Jofitimprur\u00ebse (OJF), e krijuar dhe q\u00eb funksionon n\u00eb baz\u00eb t\u00eb legjislacionit n\u00eb fuqi t\u00eb Republik\u00ebs s\u00eb Shqip\u00ebris\u00eb. Veprimtaria e saj rregullohet nga: Kushtetuta e Republik\u00ebs s\u00eb Shqip\u00ebris\u00eb Ligji nr. 55, dat\u00eb 23.07.2018 \u201cP\u00ebr Profesionin e Avokatit n\u00eb Republik\u00ebn e Shqip\u00ebris\u00eb\u201d Statuti i Dhom\u00ebs Komb\u00ebtare t\u00eb Avokatis\u00eb Aktet n\u00ebnligjore dhe vendimet e organeve drejtuese t\u00eb saj Dhoma garanton ushtrimin e profesionit t\u00eb avokatit n\u00eb p\u00ebrputhje me standardet etike dhe profesionale, duke mbik\u00ebqyrur regjistrimin, formimin, trajnimin dhe zhvillimin e vazhduesh\u00ebm t\u00eb avokat\u00ebve n\u00eb Shqip\u00ebri. T\u00eb gjitha t\u00eb drejtat mbi p\u00ebrmbajtjet, materialet dhe publikimet e k\u00ebtij institucioni jan\u00eb t\u00eb mbrojtura dhe nuk mund t\u00eb p\u00ebrdoren apo riprodhohen pa autorizim paraprak. P\u00ebr informacione zyrtare: Email: info@dhka.org.al Adresa: Rruga \u201cAbdi Toptani\u201d, Tiran\u00eb, Shqip\u00ebri Tel: +355 422 518 76<\/p>","protected":false},"author":1,"featured_media":0,"parent":0,"menu_order":0,"comment_status":"closed","ping_status":"closed","template":"","meta":{"footnotes":""},"class_list":["post-5263","page","type-page","status-publish","hentry","post-no-thumbnail"],"_links":{"self":[{"href":"https:\/\/dhka.org.al\/en\/wp-json\/wp\/v2\/pages\/5263","targetHints":{"allow":["GET"]}}],"collection":[{"href":"https:\/\/dhka.org.al\/en\/wp-json\/wp\/v2\/pages"}],"about":[{"href":"https:\/\/dhka.org.al\/en\/wp-json\/wp\/v2\/types\/page"}],"author":[{"embeddable":true,"href":"https:\/\/dhka.org.al\/en\/wp-json\/wp\/v2\/users\/1"}],"replies":[{"embeddable":true,"href":"https:\/\/dhka.org.al\/en\/wp-json\/wp\/v2\/comments?post=5263"}],"version-history":[{"count":4,"href":"https:\/\/dhka.org.al\/en\/wp-json\/wp\/v2\/pages\/5263\/revisions"}],"predecessor-version":[{"id":5267,"href":"https:\/\/dhka.org.al\/en\/wp-json\/wp\/v2\/pages\/5263\/revisions\/5267"}],"wp:attachment":[{"href":"https:\/\/dhka.org.al\/en\/wp-json\/wp\/v2\/media?parent=5263"}],"curies":[{"name":"wp","href":"https:\/\/api.w.org\/{rel}","templated":true}]}}