{"id":3422,"date":"2022-09-23T14:29:59","date_gmt":"2022-09-23T14:29:59","guid":{"rendered":"http:\/\/188.166.45.142\/?page_id=3422"},"modified":"2022-10-03T12:40:27","modified_gmt":"2022-10-03T12:40:27","slug":"kriteret-e-regjistrimit","status":"publish","type":"page","link":"https:\/\/dhka.org.al\/sq\/kriteret-e-regjistrimit\/","title":{"rendered":"Kriteret e regjistrimit"},"content":{"rendered":"\t\t<div data-elementor-type=\"wp-page\" data-elementor-id=\"3422\" class=\"elementor elementor-3422\">\n\t\t\t\t\t\t<section class=\"elementor-section elementor-top-section elementor-element elementor-element-f9f0906 elementor-section-boxed elementor-section-gap-beside-yes elementor-section-height-default elementor-section-height-default elementor-section-column-vertical-align-stretch\" data-id=\"f9f0906\" data-element_type=\"section\">\n\t\t\t\t\t\t<div class=\"elementor-container elementor-column-gap-extended\">\n\t\t\t\t\t<div class=\"elementor-column elementor-col-100 elementor-top-column elementor-element elementor-element-048fa2c\" data-id=\"048fa2c\" data-element_type=\"column\">\n\t\t\t<div class=\"elementor-widget-wrap elementor-element-populated\">\n\t\t\t\t\t\t<div class=\"elementor-element elementor-element-10deb94 elementor-widget elementor-widget-heading\" data-id=\"10deb94\" data-element_type=\"widget\" data-widget_type=\"heading.default\">\n\t\t\t\t<div class=\"elementor-widget-container\">\n\t\t\t<style>\/*! elementor - v3.22.0 - 26-06-2024 *\/\n.elementor-heading-title{padding:0;margin:0;line-height:1}.elementor-widget-heading .elementor-heading-title[class*=elementor-size-]>a{color:inherit;font-size:inherit;line-height:inherit}.elementor-widget-heading .elementor-heading-title.elementor-size-small{font-size:15px}.elementor-widget-heading .elementor-heading-title.elementor-size-medium{font-size:19px}.elementor-widget-heading .elementor-heading-title.elementor-size-large{font-size:29px}.elementor-widget-heading .elementor-heading-title.elementor-size-xl{font-size:39px}.elementor-widget-heading .elementor-heading-title.elementor-size-xxl{font-size:59px}<\/style><h5 class=\"elementor-heading-title elementor-size-default\"><br>\nRegjistrimi i kandidateve p\u00ebr avokat p\u00ebr kryerjen e stazhit te detyruar 1 vje\u00e7ar si asistent avokat, pran\u00eb nje avokati apo zyre avokatie, \u00ebsht\u00eb hapi i pare i rendesishem p\u00ebr plotesimin e pro\u00e7edurave ligjore p\u00ebr fitimin e titullit te avokatit.<\/h5>\t\t<\/div>\n\t\t\t\t<\/div>\n\t\t\t\t<div class=\"elementor-element elementor-element-6e82ebd elementor-widget elementor-widget-spacer\" data-id=\"6e82ebd\" data-element_type=\"widget\" data-widget_type=\"spacer.default\">\n\t\t\t\t<div class=\"elementor-widget-container\">\n\t\t\t<style>\/*! elementor - v3.22.0 - 26-06-2024 *\/\n.elementor-column .elementor-spacer-inner{height:var(--spacer-size)}.e-con{--container-widget-width:100%}.e-con-inner>.elementor-widget-spacer,.e-con>.elementor-widget-spacer{width:var(--container-widget-width,var(--spacer-size));--align-self:var(--container-widget-align-self,initial);--flex-shrink:0}.e-con-inner>.elementor-widget-spacer>.elementor-widget-container,.e-con>.elementor-widget-spacer>.elementor-widget-container{height:100%;width:100%}.e-con-inner>.elementor-widget-spacer>.elementor-widget-container>.elementor-spacer,.e-con>.elementor-widget-spacer>.elementor-widget-container>.elementor-spacer{height:100%}.e-con-inner>.elementor-widget-spacer>.elementor-widget-container>.elementor-spacer>.elementor-spacer-inner,.e-con>.elementor-widget-spacer>.elementor-widget-container>.elementor-spacer>.elementor-spacer-inner{height:var(--container-widget-height,var(--spacer-size))}.e-con-inner>.elementor-widget-spacer.elementor-widget-empty,.e-con>.elementor-widget-spacer.elementor-widget-empty{position:relative;min-height:22px;min-width:22px}.e-con-inner>.elementor-widget-spacer.elementor-widget-empty .elementor-widget-empty-icon,.e-con>.elementor-widget-spacer.elementor-widget-empty .elementor-widget-empty-icon{position:absolute;top:0;bottom:0;left:0;right:0;margin:auto;padding:0;width:22px;height:22px}<\/style>\t\t<div class=\"elementor-spacer\">\n\t\t\t<div class=\"elementor-spacer-inner\"><\/div>\n\t\t<\/div>\n\t\t\t\t<\/div>\n\t\t\t\t<\/div>\n\t\t\t\t<div class=\"elementor-element elementor-element-e22d525 elementor-widget elementor-widget-text-editor\" data-id=\"e22d525\" data-element_type=\"widget\" data-widget_type=\"text-editor.default\">\n\t\t\t\t<div class=\"elementor-widget-container\">\n\t\t\t<style>\/*! elementor - v3.22.0 - 26-06-2024 *\/\n.elementor-widget-text-editor.elementor-drop-cap-view-stacked .elementor-drop-cap{background-color:#69727d;color:#fff}.elementor-widget-text-editor.elementor-drop-cap-view-framed .elementor-drop-cap{color:#69727d;border:3px solid;background-color:transparent}.elementor-widget-text-editor:not(.elementor-drop-cap-view-default) .elementor-drop-cap{margin-top:8px}.elementor-widget-text-editor:not(.elementor-drop-cap-view-default) .elementor-drop-cap-letter{width:1em;height:1em}.elementor-widget-text-editor .elementor-drop-cap{float:left;text-align:center;line-height:1;font-size:50px}.elementor-widget-text-editor .elementor-drop-cap-letter{display:inline-block}<\/style>\t\t\t\t<p><span lang=\"SQ\">Regjistrimi i kandidateve si asistent mund te behet vet\u00ebm pasi kandidati te ket\u00eb siguruar diplom\u00ebn e juristit Mastar Shkencor ose Mastar Profesional nga fakulteti drejt\u00ebsis\u00eb i universiteteve publike dhe jo publike brenda territorit te Republik\u00ebs se Shqip\u00ebris\u00eb t\u00eb akredituara nga K\u00ebshilli Komb\u00ebtar i Akreditimit pran\u00eb MASH; si dhe diploma ekuivalente sa me sip\u00ebr, te l\u00ebshuara nga universitetet jasht\u00eb Shqip\u00ebris\u00eb, te shoq\u00ebruara me D\u00ebshmi P\u00ebr Njohje Diplomimi nga Drejtoria e Arsimit Te Larte Dhe K\u00ebrkimit Shkencor pran\u00eb MASH.<\/span><span lang=\"SQ\">\u00a0<\/span><\/p><p><span lang=\"SQ\">Regjistrimi behet pran\u00eb Dhom\u00ebs Komb\u00ebtare te Avokatis\u00eb te Shqip\u00ebris\u00eb.<\/span><span lang=\"SQ\">\u00a0<\/span><\/p><p><span lang=\"SQ\">Te drejt\u00ebn e ushtrimit te Profesionit te avokatit ne Republik\u00ebn e Shqip\u00ebris\u00eb mund ta fitoje \u00e7do shtetas shqiptar q\u00eb plot\u00ebson kushtet e m\u00ebposhtme:<\/span><\/p><ul><li><span lang=\"SQ\">te k\u00ebt\u00eb kryer arsimin e larte juridik brenda vendit ose jasht\u00eb vendit, por te nj\u00ebsuar me t\u00eb<\/span><\/li><li><p><span lang=\"SQ\">te jete regjistruar ne nj\u00eb dhome avokatie dhe ne Ministrin\u00eb e Drejt\u00ebsis\u00eb si asistent pran\u00eb nj\u00eb avokati, te k\u00ebt\u00eb p\u00ebrfunduar periudh\u00ebn nj\u00ebvje\u00e7are te stazhit dhe te k\u00ebt\u00eb marre mendimin pozitiv te avokatit;<\/span><\/p><\/li><li><p><span lang=\"SQ\">te k\u00ebt\u00eb marre me shume se 50 p\u00ebr qind te pik\u00ebve ne provimin e kualifikimit p\u00ebr ushtrimin e profesionit te avokatis\u00eb;<\/span><\/p><\/li><li><p><span lang=\"SQ\">te g\u00ebzoj\u00eb integritet moral dhe qytetar, p\u00ebr te mbrojtur te drejtat e njeriut dhe lirit\u00eb themelore, si dhe te plot\u00ebsoj\u00eb k\u00ebrkesat e etikes p\u00ebr ushtrimin e profesionit te avokatit;<\/span><\/p><\/li><li><p><span lang=\"SQ\">te mos jete d\u00ebnuar p\u00ebr vepra penale te kryera me dashje, sipas parashikimeve te \u201cKodit te etikes se avokatit\u201d:<\/span><\/p><\/li><li><p><span lang=\"SQ\">te mos jete pjes\u00ebmarr\u00ebs ne marr\u00ebdh\u00ebnie apo veprimtari publike ose private, te cilat, sipas ligjit, Statutit te Dhom\u00ebs Komb\u00ebtare te Avokatis\u00eb dhe \u201cKodit te etikes se avokatit\u201d, jan\u00eb te papajtueshme ose te pap\u00ebrshtatshme me figur\u00ebn dhe ushtrimin e profesionit te avokatit;<\/span><\/p><\/li><li><p><span lang=\"SQ\">te jete an\u00ebtar i dhom\u00ebs se avokatis\u00eb ne juridiksionin e se cil\u00ebs ndodhet zyra e tij e pun\u00ebs.<\/span><\/p><\/li><\/ul><p><span lang=\"SQ\">\u00a0<\/span><\/p><p><span lang=\"SQ\">Ne p\u00ebrputhje me kriteret e m\u00ebsip\u00ebrme ligjore, pran\u00eb Dh.K.A., aplikant\u00ebt duhet te paraqesin Dokumentat si me posht\u00eb:<\/span>\u00a0<\/p><ul><li>K\u00ebrkesa me shkrim p\u00ebr regjistrim<\/li><li>V\u00ebrtetimin e avokatit apo zyr\u00ebs avokatis\u00eb ku pranohet qe aplikonit te kryeje periudh\u00ebn 1 vje\u00e7are te stazhit. Ky v\u00ebrtetim detyrimisht duhet te l\u00ebshohet nga avokat ose zyre avokatie, an\u00ebtar\u00eb e dhom\u00ebs avokatis\u00eb, ku aplikonit ka vendbanimin e tij. Ne dosjen e aplikant\u00ebt detyrimisht duhet te jete dhe mendimi pozitiv i kryesis\u00eb se dhom\u00ebs avokatis\u00eb p\u00ebr kryerjen e stazhit.<\/li><li>Fotokopje e notorizuar e diplom\u00ebs te fakultetit juridik te universitetit p\u00ebrkat\u00ebs.<\/li><li>Fotokopje e notorizuar e list\u00ebs notave te l\u00ebshuara nga universiteti p\u00ebrkat\u00ebs.<\/li><li>Karta e identitetit (ne mungese certifikate personale) e aplikant\u00ebt.<\/li><li>V\u00ebrtetim nga nj\u00ebsia administrative ku ka vendbanimin aplikonit ,se \u00ebsht\u00eb banor i k\u00ebsaj nj\u00ebsie.<\/li><li>D\u00ebshmi penali teti nga Ministria e Drejt\u00ebsis\u00eb, te aplikant\u00ebt ,p\u00ebr te v\u00ebrtetuar se nuk ka precedent\u00eb penale. D\u00ebshmia e penali tetit nuk mund te jete l\u00ebshuar nga organi kompetent me tep\u00ebr se 3 muaj nga data e aplikimit.<\/li><li>Njehsimin e diplom\u00ebs se huaj ,ose v\u00ebrtetimin nga MASH se ka kryer aplikimin p\u00ebr konvalidimin e saj (P\u00ebr aplikant\u00ebt e diplomuar jasht\u00eb vendit)<\/li><li>Fotografi me p\u00ebrmasa 4 x 4 ,cope 2<\/li><li>Tarifa e regjistrimit si asistent ,prej 1.000 (nj\u00ebmij\u00eb) leke.<\/li><\/ul><p>\u00a0<\/p><p><b><span lang=\"SQ\">P\u00ebr shtetasit e huaj<\/span><\/b><span lang=\"SQ\">\u00a0qe d\u00ebshirojn\u00eb te aplikojn\u00eb p\u00ebr tu regjistruar si asistent pran\u00eb nj\u00eb avokati apo zyre avokatie, ve\u00e7 sa me sip\u00ebr duhet te paraqesin dhe nj\u00eb dokument zyrtar, t\u00eb l\u00ebshuar nga nj\u00eb institucion publik ne Republik\u00ebn e Shqip\u00ebris\u00eb ku te v\u00ebrtetohet se kandidati p\u00ebr asistent zot\u00ebron gjuh\u00ebn shqipe.<\/span><\/p>\t\t\t\t\t\t<\/div>\n\t\t\t\t<\/div>\n\t\t\t\t<div class=\"elementor-element elementor-element-6aadd68 elementor-widget elementor-widget-spacer\" data-id=\"6aadd68\" data-element_type=\"widget\" data-widget_type=\"spacer.default\">\n\t\t\t\t<div class=\"elementor-widget-container\">\n\t\t\t\t\t<div class=\"elementor-spacer\">\n\t\t\t<div class=\"elementor-spacer-inner\"><\/div>\n\t\t<\/div>\n\t\t\t\t<\/div>\n\t\t\t\t<\/div>\n\t\t\t\t\t<\/div>\n\t\t<\/div>\n\t\t\t\t\t<\/div>\n\t\t<\/section>\n\t\t\t\t<\/div>\n\t\t","protected":false},"excerpt":{"rendered":"<p>Regjistrimi i kandidateve p\u00ebr avokat p\u00ebr kryerjen e stazhit te detyruar 1 vje\u00e7ar si asistent avokat, pran\u00eb nje avokati apo zyre avokatie, \u00ebsht\u00eb hapi i pare i rendesishem p\u00ebr plotesimin e pro\u00e7edurave ligjore p\u00ebr fitimin e titullit te avokatit. Regjistrimi i kandidateve si asistent mund te behet vet\u00ebm pasi kandidati te ket\u00eb siguruar diplom\u00ebn e juristit Mastar Shkencor ose Mastar Profesional nga fakulteti drejt\u00ebsis\u00eb i universiteteve publike dhe jo publike brenda territorit te Republik\u00ebs se Shqip\u00ebris\u00eb t\u00eb akredituara nga K\u00ebshilli Komb\u00ebtar i Akreditimit pran\u00eb MASH; si dhe diploma ekuivalente sa me sip\u00ebr, te l\u00ebshuara nga universitetet jasht\u00eb Shqip\u00ebris\u00eb, te shoq\u00ebruara me D\u00ebshmi P\u00ebr Njohje Diplomimi nga Drejtoria e Arsimit Te Larte Dhe K\u00ebrkimit Shkencor pran\u00eb MASH.\u00a0 Regjistrimi behet pran\u00eb Dhom\u00ebs Komb\u00ebtare te Avokatis\u00eb te Shqip\u00ebris\u00eb.\u00a0 Te drejt\u00ebn e ushtrimit te Profesionit te avokatit ne Republik\u00ebn e Shqip\u00ebris\u00eb mund ta fitoje \u00e7do shtetas shqiptar q\u00eb plot\u00ebson kushtet e m\u00ebposhtme: te k\u00ebt\u00eb kryer arsimin e larte juridik brenda vendit ose jasht\u00eb vendit, por te nj\u00ebsuar me t\u00eb te jete regjistruar ne nj\u00eb dhome avokatie dhe ne Ministrin\u00eb e Drejt\u00ebsis\u00eb si asistent pran\u00eb nj\u00eb avokati, te k\u00ebt\u00eb p\u00ebrfunduar periudh\u00ebn nj\u00ebvje\u00e7are te stazhit dhe te k\u00ebt\u00eb marre mendimin pozitiv te avokatit; te k\u00ebt\u00eb marre me shume se 50 p\u00ebr qind te pik\u00ebve ne provimin e kualifikimit p\u00ebr ushtrimin e profesionit te avokatis\u00eb; te g\u00ebzoj\u00eb integritet moral dhe qytetar, p\u00ebr te mbrojtur te drejtat e njeriut dhe lirit\u00eb themelore, si dhe te plot\u00ebsoj\u00eb k\u00ebrkesat e etikes p\u00ebr ushtrimin e profesionit te avokatit; te mos jete d\u00ebnuar p\u00ebr vepra penale te kryera me dashje, sipas parashikimeve te \u201cKodit te etikes se avokatit\u201d: te mos jete pjes\u00ebmarr\u00ebs ne marr\u00ebdh\u00ebnie apo veprimtari publike ose private, te cilat, sipas ligjit, Statutit te Dhom\u00ebs Komb\u00ebtare te Avokatis\u00eb dhe \u201cKodit te etikes se avokatit\u201d, jan\u00eb te papajtueshme ose te pap\u00ebrshtatshme me figur\u00ebn dhe ushtrimin e profesionit te avokatit; te jete an\u00ebtar i dhom\u00ebs se avokatis\u00eb ne juridiksionin e se cil\u00ebs ndodhet zyra e tij e pun\u00ebs. \u00a0 Ne p\u00ebrputhje me kriteret e m\u00ebsip\u00ebrme ligjore, pran\u00eb Dh.K.A., aplikant\u00ebt duhet te paraqesin Dokumentat si me posht\u00eb:\u00a0 K\u00ebrkesa me shkrim p\u00ebr regjistrim V\u00ebrtetimin e avokatit apo zyr\u00ebs avokatis\u00eb ku pranohet qe aplikonit te kryeje periudh\u00ebn 1 vje\u00e7are te stazhit. Ky v\u00ebrtetim detyrimisht duhet te l\u00ebshohet nga avokat ose zyre avokatie, an\u00ebtar\u00eb e dhom\u00ebs avokatis\u00eb, ku aplikonit ka vendbanimin e tij. Ne dosjen e aplikant\u00ebt detyrimisht duhet te jete dhe mendimi pozitiv i kryesis\u00eb se dhom\u00ebs avokatis\u00eb p\u00ebr kryerjen e stazhit. Fotokopje e notorizuar e diplom\u00ebs te fakultetit juridik te universitetit p\u00ebrkat\u00ebs. Fotokopje e notorizuar e list\u00ebs notave te l\u00ebshuara nga universiteti p\u00ebrkat\u00ebs. Karta e identitetit (ne mungese certifikate personale) e aplikant\u00ebt. V\u00ebrtetim nga nj\u00ebsia administrative ku ka vendbanimin aplikonit ,se \u00ebsht\u00eb banor i k\u00ebsaj nj\u00ebsie. D\u00ebshmi penali teti nga Ministria e Drejt\u00ebsis\u00eb, te aplikant\u00ebt ,p\u00ebr te v\u00ebrtetuar se nuk ka precedent\u00eb penale. D\u00ebshmia e penali tetit nuk mund te jete l\u00ebshuar nga organi kompetent me tep\u00ebr se 3 muaj nga data e aplikimit. Njehsimin e diplom\u00ebs se huaj ,ose v\u00ebrtetimin nga MASH se ka kryer aplikimin p\u00ebr konvalidimin e saj (P\u00ebr aplikant\u00ebt e diplomuar jasht\u00eb vendit) Fotografi me p\u00ebrmasa 4 x 4 ,cope 2 Tarifa e regjistrimit si asistent ,prej 1.000 (nj\u00ebmij\u00eb) leke. \u00a0 P\u00ebr shtetasit e huaj\u00a0qe d\u00ebshirojn\u00eb te aplikojn\u00eb p\u00ebr tu regjistruar si asistent pran\u00eb nj\u00eb avokati apo zyre avokatie, ve\u00e7 sa me sip\u00ebr duhet te paraqesin dhe nj\u00eb dokument zyrtar, t\u00eb l\u00ebshuar nga nj\u00eb institucion publik ne Republik\u00ebn e Shqip\u00ebris\u00eb ku te v\u00ebrtetohet se kandidati p\u00ebr asistent zot\u00ebron gjuh\u00ebn shqipe.<\/p>\n","protected":false},"author":1,"featured_media":0,"parent":0,"menu_order":0,"comment_status":"closed","ping_status":"closed","template":"","meta":{"footnotes":""},"class_list":["post-3422","page","type-page","status-publish","hentry","post-no-thumbnail"],"_links":{"self":[{"href":"https:\/\/dhka.org.al\/sq\/wp-json\/wp\/v2\/pages\/3422","targetHints":{"allow":["GET"]}}],"collection":[{"href":"https:\/\/dhka.org.al\/sq\/wp-json\/wp\/v2\/pages"}],"about":[{"href":"https:\/\/dhka.org.al\/sq\/wp-json\/wp\/v2\/types\/page"}],"author":[{"embeddable":true,"href":"https:\/\/dhka.org.al\/sq\/wp-json\/wp\/v2\/users\/1"}],"replies":[{"embeddable":true,"href":"https:\/\/dhka.org.al\/sq\/wp-json\/wp\/v2\/comments?post=3422"}],"version-history":[{"count":16,"href":"https:\/\/dhka.org.al\/sq\/wp-json\/wp\/v2\/pages\/3422\/revisions"}],"predecessor-version":[{"id":3967,"href":"https:\/\/dhka.org.al\/sq\/wp-json\/wp\/v2\/pages\/3422\/revisions\/3967"}],"wp:attachment":[{"href":"https:\/\/dhka.org.al\/sq\/wp-json\/wp\/v2\/media?parent=3422"}],"curies":[{"name":"wp","href":"https:\/\/api.w.org\/{rel}","templated":true}]}}