{"id":3653,"date":"2022-09-27T09:19:47","date_gmt":"2022-09-27T09:19:47","guid":{"rendered":"http:\/\/188.166.45.142\/?page_id=3653"},"modified":"2022-09-27T09:21:25","modified_gmt":"2022-09-27T09:21:25","slug":"tarifa-te-shperblimit-te-avokateve-per-dhenien-e-ndihmes-juridike","status":"publish","type":"page","link":"https:\/\/dhka.org.al\/sq\/tarifa-te-shperblimit-te-avokateve-per-dhenien-e-ndihmes-juridike\/","title":{"rendered":"Tarifa t\u00eb Shp\u00ebrblimit t\u00eb Avokat\u00ebve p\u00ebr Dh\u00ebnien e Ndihm\u00ebs Juridike"},"content":{"rendered":"\t\t<div data-elementor-type=\"wp-page\" data-elementor-id=\"3653\" class=\"elementor elementor-3653\">\n\t\t\t\t\t\t<section class=\"elementor-section elementor-top-section elementor-element elementor-element-a5ca48b elementor-section-boxed elementor-section-gap-beside-yes elementor-section-height-default elementor-section-height-default elementor-section-column-vertical-align-stretch\" data-id=\"a5ca48b\" data-element_type=\"section\">\n\t\t\t\t\t\t<div class=\"elementor-container elementor-column-gap-extended\">\n\t\t\t\t\t<div class=\"elementor-column elementor-col-100 elementor-top-column elementor-element elementor-element-b545afa\" data-id=\"b545afa\" data-element_type=\"column\">\n\t\t\t<div class=\"elementor-widget-wrap elementor-element-populated\">\n\t\t\t\t\t\t<div class=\"elementor-element elementor-element-a23ac97 elementor-widget elementor-widget-text-editor\" data-id=\"a23ac97\" data-element_type=\"widget\" data-widget_type=\"text-editor.default\">\n\t\t\t\t<div class=\"elementor-widget-container\">\n\t\t\t<style>\/*! elementor - v3.22.0 - 26-06-2024 *\/\n.elementor-widget-text-editor.elementor-drop-cap-view-stacked .elementor-drop-cap{background-color:#69727d;color:#fff}.elementor-widget-text-editor.elementor-drop-cap-view-framed .elementor-drop-cap{color:#69727d;border:3px solid;background-color:transparent}.elementor-widget-text-editor:not(.elementor-drop-cap-view-default) .elementor-drop-cap{margin-top:8px}.elementor-widget-text-editor:not(.elementor-drop-cap-view-default) .elementor-drop-cap-letter{width:1em;height:1em}.elementor-widget-text-editor .elementor-drop-cap{float:left;text-align:center;line-height:1;font-size:50px}.elementor-widget-text-editor .elementor-drop-cap-letter{display:inline-block}<\/style>\t\t\t\t<p><strong>URDH\u00cbR<\/strong><\/p><p><strong>Nr.1284\/3, dat\u00eb 16.3.2005<\/strong><br \/><strong>Fletore zyrtare nr extra date 27\/12\/2007<\/strong><br \/><br \/><strong>P\u00cbR MIRATIMIN E TARIFAVE T\u00cb SHP\u00cbRBLIMIT T\u00cb AVOKAT\u00cbVE P\u00cbR DH\u00cbNIEN E NDIHM\u00cbS JURIDIKE<br \/><\/strong><br \/>N\u00eb mb\u00ebshtetje t\u00eb pik\u00ebs 4 t\u00eb nenit 102 t\u00eb Kushtetut\u00ebs dhe t\u00eb paragrafit 3 t\u00eb nenit 48 t\u00eb ligjit nr.9109, dat\u00eb 17.7.2003 &#8220;P\u00ebr profesionin e avokatit n\u00eb Republik\u00ebn e Shqip\u00ebris\u00eb&#8221;<\/p><p><br \/><strong>URDH\u00cbROJM\u00cb:<\/strong><br \/>1. Miratimin e tarifave t\u00eb shp\u00ebrblimit t\u00eb avokat\u00ebve p\u00ebr dh\u00ebnien e ndihm\u00ebs juridike, sipas tabel\u00ebs, q\u00eb i bashk\u00ebngjitet k\u00ebtij urdhri.<br \/>2. P\u00ebr zbatimin dhe kontrollin e zbatimit t\u00eb k\u00ebtij urdhri ngarkohen dhomat e avokatis\u00eb.<br \/>Ky urdh\u00ebr hyn n\u00eb fuqi pas botimit n\u00eb Fletoren Zyrtare.<\/p><p><br \/><strong>MINISTRI I DREJT\u00cbSIS\u00cb<\/strong><br \/><strong>Fatmir Xhafaj<\/strong><br \/><strong>KRYETARI I DHOM\u00cbS KOMB\u00cbTARE T\u00cb AVOKATIS\u00cb<\/strong><br \/><strong>Maksim Haxhia<\/strong><br \/><br \/><strong>TARIFAT E SH\u00cbRBIMEVE JURIDIKE T\u00cb AVOKAT\u00cbVE<\/strong><br \/><br \/><strong>P\u00ebrfaq\u00ebsimi n\u00eb \u00e7\u00ebshtjet penale Lek\u00eb<\/strong><br \/>Dh\u00ebnie e mbrojtjes p\u00ebr ndalimet e arrestimet, deri n\u00eb seanc\u00ebn e caktimit t\u00eb mas\u00ebs s\u00eb sigurimit 15 000 Lek\u00eb.<br \/><br \/><strong>Ndihm\u00eb juridike p\u00ebr hetimet paraprake, deri n\u00eb d\u00ebrgimin e \u00e7\u00ebshtjes n\u00eb gjykim<\/strong><br \/>a) P\u00ebr kund\u00ebrvajtje 20 000 Lek\u00eb<br \/>b) P\u00ebr gjykimet n\u00eb shkall\u00eb t\u00eb par\u00eb 50 000 Lek\u00eb<br \/><br \/><strong>Ndihm\u00eb juridike n\u00eb Gjykat\u00ebn e Shkall\u00ebs s\u00eb Par\u00eb<\/strong><br \/>a) P\u00ebr krimet q\u00eb parashikohet d\u00ebnim deri n\u00eb 5 vjet 30 000 Lek\u00eb<br \/>b) P\u00ebr krimet q\u00eb parashikohet d\u00ebnim mbi 5 vjet 80 000 Lek\u00eb<br \/><br \/>Sh\u00ebrbime juridike (p\u00ebrfaq\u00ebsimi) n\u00eb Gjykat\u00ebn e Apelit 40 000 Lek\u00eb<br \/><br \/>Sh\u00ebrbime juridike (p\u00ebrfaq\u00ebsimi) n\u00eb Gjykat\u00ebn e Lart\u00eb dhe Kushtetuese 50 000 Lek\u00eb<br \/>P\u00ebrgatitje k\u00ebrkesa ankimore dhe t\u00eb tjera 10 000 Lek\u00eb<br \/>K\u00ebshillime juridike p\u00ebr \u00e7do or\u00eb 500-1500 Lek\u00eb<br \/>Sh\u00ebrbimi p\u00ebr t\u00eb miturit do t\u00eb jet\u00eb sa gjysma e tarifave t\u00eb sip\u00ebrme<br \/><br \/><strong>P\u00ebrfaq\u00ebsimi p\u00ebr \u00e7\u00ebshtjet civile<\/strong><br \/>P\u00ebrfaq\u00ebsimi n\u00eb Gjykat\u00ebn e Shkall\u00ebs s\u00eb Par\u00eb, pa pal\u00eb 15 000 Lek\u00eb<br \/>P\u00ebrfaq\u00ebsimi n\u00eb Gjykat\u00ebn e Shkall\u00ebs s\u00eb Par\u00eb, me pal\u00eb 40 000 Lek\u00eb<br \/>P\u00ebrfaq\u00ebsimi n\u00eb Gjykat\u00ebn e Apelit 45 000 Lek\u00eb<br \/>P\u00ebrfaq\u00ebsim n\u00eb Gjykat\u00ebn e Lart\u00eb dhe Kushtetuese 60 000 Lek\u00eb<br \/>P\u00ebrgatitje e k\u00ebrkesave ankimore 15 000 Lek\u00eb<br \/>Rekurseve dhe k\u00ebrkesave n\u00eb Gjykat\u00ebn e Lart\u00eb dhe Kushtetuese 25 000 Lek\u00eb<br \/>K\u00ebshillime juridike 1 000 Lek\u00eb<br \/><em><strong>Sh\u00ebrbimi p\u00ebr njer\u00ebzit n\u00eb nevoj\u00eb do t\u00eb jet\u00eb 80% m\u00eb e ul\u00ebt se tarifa e sip\u00ebrme.<\/strong><\/em><\/p><p><br \/>P\u00ebr shpenzimet e udh\u00ebtimit dhe diet\u00ebs p\u00ebr sh\u00ebrbimin e avokatis\u00eb jasht\u00eb dhom\u00ebs ku b\u00ebn pjes\u00eb avokati, kur nuk vendoset me mir\u00ebkuptim, masa e pages\u00ebs \u00ebsht\u00eb sa tarifat e n\u00ebpun\u00ebsve t\u00eb administrat\u00ebs shtet\u00ebrore.<br \/>P\u00ebr sh\u00ebrbimet e avokatis\u00eb p\u00ebr shtetasit shqiptar\u00eb jasht\u00eb shtetit tarifat e sip\u00ebrme do t\u00eb dyfishohen, nd\u00ebrsa pagesa e shpenzimeve udh\u00ebtim e diet\u00eb do t\u00eb jet\u00eb sa masa e pages\u00ebs p\u00ebr n\u00ebpun\u00ebsit e administrat\u00ebs s\u00eb shtetit.<br \/>Tarifat e sip\u00ebrme zbatohen, vet\u00ebm kur nuk ka marr\u00ebveshje nd\u00ebrmjet pal\u00ebve p\u00ebr shp\u00ebrblimin e sh\u00ebrbimit t\u00eb avokatis\u00eb.<\/p>\t\t\t\t\t\t<\/div>\n\t\t\t\t<\/div>\n\t\t\t\t<div class=\"elementor-element elementor-element-3b4b398 elementor-widget elementor-widget-spacer\" data-id=\"3b4b398\" data-element_type=\"widget\" data-widget_type=\"spacer.default\">\n\t\t\t\t<div class=\"elementor-widget-container\">\n\t\t\t<style>\/*! elementor - v3.22.0 - 26-06-2024 *\/\n.elementor-column .elementor-spacer-inner{height:var(--spacer-size)}.e-con{--container-widget-width:100%}.e-con-inner>.elementor-widget-spacer,.e-con>.elementor-widget-spacer{width:var(--container-widget-width,var(--spacer-size));--align-self:var(--container-widget-align-self,initial);--flex-shrink:0}.e-con-inner>.elementor-widget-spacer>.elementor-widget-container,.e-con>.elementor-widget-spacer>.elementor-widget-container{height:100%;width:100%}.e-con-inner>.elementor-widget-spacer>.elementor-widget-container>.elementor-spacer,.e-con>.elementor-widget-spacer>.elementor-widget-container>.elementor-spacer{height:100%}.e-con-inner>.elementor-widget-spacer>.elementor-widget-container>.elementor-spacer>.elementor-spacer-inner,.e-con>.elementor-widget-spacer>.elementor-widget-container>.elementor-spacer>.elementor-spacer-inner{height:var(--container-widget-height,var(--spacer-size))}.e-con-inner>.elementor-widget-spacer.elementor-widget-empty,.e-con>.elementor-widget-spacer.elementor-widget-empty{position:relative;min-height:22px;min-width:22px}.e-con-inner>.elementor-widget-spacer.elementor-widget-empty .elementor-widget-empty-icon,.e-con>.elementor-widget-spacer.elementor-widget-empty .elementor-widget-empty-icon{position:absolute;top:0;bottom:0;left:0;right:0;margin:auto;padding:0;width:22px;height:22px}<\/style>\t\t<div class=\"elementor-spacer\">\n\t\t\t<div class=\"elementor-spacer-inner\"><\/div>\n\t\t<\/div>\n\t\t\t\t<\/div>\n\t\t\t\t<\/div>\n\t\t\t\t\t<\/div>\n\t\t<\/div>\n\t\t\t\t\t<\/div>\n\t\t<\/section>\n\t\t\t\t<\/div>\n\t\t","protected":false},"excerpt":{"rendered":"<p>URDH\u00cbR Nr.1284\/3, dat\u00eb 16.3.2005Fletore zyrtare nr extra date 27\/12\/2007 P\u00cbR MIRATIMIN E TARIFAVE T\u00cb SHP\u00cbRBLIMIT T\u00cb AVOKAT\u00cbVE P\u00cbR DH\u00cbNIEN E NDIHM\u00cbS JURIDIKEN\u00eb mb\u00ebshtetje t\u00eb pik\u00ebs 4 t\u00eb nenit 102 t\u00eb Kushtetut\u00ebs dhe t\u00eb paragrafit 3 t\u00eb nenit 48 t\u00eb ligjit nr.9109, dat\u00eb 17.7.2003 &#8220;P\u00ebr profesionin e avokatit n\u00eb Republik\u00ebn e Shqip\u00ebris\u00eb&#8221; URDH\u00cbROJM\u00cb:1. Miratimin e tarifave t\u00eb shp\u00ebrblimit t\u00eb avokat\u00ebve p\u00ebr dh\u00ebnien e ndihm\u00ebs juridike, sipas tabel\u00ebs, q\u00eb i bashk\u00ebngjitet k\u00ebtij urdhri.2. P\u00ebr zbatimin dhe kontrollin e zbatimit t\u00eb k\u00ebtij urdhri ngarkohen dhomat e avokatis\u00eb.Ky urdh\u00ebr hyn n\u00eb fuqi pas botimit n\u00eb Fletoren Zyrtare. MINISTRI I DREJT\u00cbSIS\u00cbFatmir XhafajKRYETARI I DHOM\u00cbS KOMB\u00cbTARE T\u00cb AVOKATIS\u00cbMaksim Haxhia TARIFAT E SH\u00cbRBIMEVE JURIDIKE T\u00cb AVOKAT\u00cbVE P\u00ebrfaq\u00ebsimi n\u00eb \u00e7\u00ebshtjet penale Lek\u00ebDh\u00ebnie e mbrojtjes p\u00ebr ndalimet e arrestimet, deri n\u00eb seanc\u00ebn e caktimit t\u00eb mas\u00ebs s\u00eb sigurimit 15 000 Lek\u00eb. Ndihm\u00eb juridike p\u00ebr hetimet paraprake, deri n\u00eb d\u00ebrgimin e \u00e7\u00ebshtjes n\u00eb gjykima) P\u00ebr kund\u00ebrvajtje 20 000 Lek\u00ebb) P\u00ebr gjykimet n\u00eb shkall\u00eb t\u00eb par\u00eb 50 000 Lek\u00eb Ndihm\u00eb juridike n\u00eb Gjykat\u00ebn e Shkall\u00ebs s\u00eb Par\u00eba) P\u00ebr krimet q\u00eb parashikohet d\u00ebnim deri n\u00eb 5 vjet 30 000 Lek\u00ebb) P\u00ebr krimet q\u00eb parashikohet d\u00ebnim mbi 5 vjet 80 000 Lek\u00eb Sh\u00ebrbime juridike (p\u00ebrfaq\u00ebsimi) n\u00eb Gjykat\u00ebn e Apelit 40 000 Lek\u00eb Sh\u00ebrbime juridike (p\u00ebrfaq\u00ebsimi) n\u00eb Gjykat\u00ebn e Lart\u00eb dhe Kushtetuese 50 000 Lek\u00ebP\u00ebrgatitje k\u00ebrkesa ankimore dhe t\u00eb tjera 10 000 Lek\u00ebK\u00ebshillime juridike p\u00ebr \u00e7do or\u00eb 500-1500 Lek\u00ebSh\u00ebrbimi p\u00ebr t\u00eb miturit do t\u00eb jet\u00eb sa gjysma e tarifave t\u00eb sip\u00ebrme P\u00ebrfaq\u00ebsimi p\u00ebr \u00e7\u00ebshtjet civileP\u00ebrfaq\u00ebsimi n\u00eb Gjykat\u00ebn e Shkall\u00ebs s\u00eb Par\u00eb, pa pal\u00eb 15 000 Lek\u00ebP\u00ebrfaq\u00ebsimi n\u00eb Gjykat\u00ebn e Shkall\u00ebs s\u00eb Par\u00eb, me pal\u00eb 40 000 Lek\u00ebP\u00ebrfaq\u00ebsimi n\u00eb Gjykat\u00ebn e Apelit 45 000 Lek\u00ebP\u00ebrfaq\u00ebsim n\u00eb Gjykat\u00ebn e Lart\u00eb dhe Kushtetuese 60 000 Lek\u00ebP\u00ebrgatitje e k\u00ebrkesave ankimore 15 000 Lek\u00ebRekurseve dhe k\u00ebrkesave n\u00eb Gjykat\u00ebn e Lart\u00eb dhe Kushtetuese 25 000 Lek\u00ebK\u00ebshillime juridike 1 000 Lek\u00ebSh\u00ebrbimi p\u00ebr njer\u00ebzit n\u00eb nevoj\u00eb do t\u00eb jet\u00eb 80% m\u00eb e ul\u00ebt se tarifa e sip\u00ebrme. P\u00ebr shpenzimet e udh\u00ebtimit dhe diet\u00ebs p\u00ebr sh\u00ebrbimin e avokatis\u00eb jasht\u00eb dhom\u00ebs ku b\u00ebn pjes\u00eb avokati, kur nuk vendoset me mir\u00ebkuptim, masa e pages\u00ebs \u00ebsht\u00eb sa tarifat e n\u00ebpun\u00ebsve t\u00eb administrat\u00ebs shtet\u00ebrore.P\u00ebr sh\u00ebrbimet e avokatis\u00eb p\u00ebr shtetasit shqiptar\u00eb jasht\u00eb shtetit tarifat e sip\u00ebrme do t\u00eb dyfishohen, nd\u00ebrsa pagesa e shpenzimeve udh\u00ebtim e diet\u00eb do t\u00eb jet\u00eb sa masa e pages\u00ebs p\u00ebr n\u00ebpun\u00ebsit e administrat\u00ebs s\u00eb shtetit.Tarifat e sip\u00ebrme zbatohen, vet\u00ebm kur nuk ka marr\u00ebveshje nd\u00ebrmjet pal\u00ebve p\u00ebr shp\u00ebrblimin e sh\u00ebrbimit t\u00eb avokatis\u00eb.<\/p>\n","protected":false},"author":1,"featured_media":0,"parent":0,"menu_order":0,"comment_status":"closed","ping_status":"closed","template":"","meta":{"footnotes":""},"class_list":["post-3653","page","type-page","status-publish","hentry","post-no-thumbnail"],"_links":{"self":[{"href":"https:\/\/dhka.org.al\/sq\/wp-json\/wp\/v2\/pages\/3653","targetHints":{"allow":["GET"]}}],"collection":[{"href":"https:\/\/dhka.org.al\/sq\/wp-json\/wp\/v2\/pages"}],"about":[{"href":"https:\/\/dhka.org.al\/sq\/wp-json\/wp\/v2\/types\/page"}],"author":[{"embeddable":true,"href":"https:\/\/dhka.org.al\/sq\/wp-json\/wp\/v2\/users\/1"}],"replies":[{"embeddable":true,"href":"https:\/\/dhka.org.al\/sq\/wp-json\/wp\/v2\/comments?post=3653"}],"version-history":[{"count":4,"href":"https:\/\/dhka.org.al\/sq\/wp-json\/wp\/v2\/pages\/3653\/revisions"}],"predecessor-version":[{"id":3657,"href":"https:\/\/dhka.org.al\/sq\/wp-json\/wp\/v2\/pages\/3653\/revisions\/3657"}],"wp:attachment":[{"href":"https:\/\/dhka.org.al\/sq\/wp-json\/wp\/v2\/media?parent=3653"}],"curies":[{"name":"wp","href":"https:\/\/api.w.org\/{rel}","templated":true}]}}