{"id":3671,"date":"2022-09-27T09:35:17","date_gmt":"2022-09-27T09:35:17","guid":{"rendered":"http:\/\/188.166.45.142\/?page_id=3671"},"modified":"2022-09-27T09:35:39","modified_gmt":"2022-09-27T09:35:39","slug":"programi-i-arsimit-ligjor-vazhdues","status":"publish","type":"page","link":"https:\/\/dhka.org.al\/sq\/programi-i-arsimit-ligjor-vazhdues\/","title":{"rendered":"Programi i Arsimit Ligjor Vazhdues"},"content":{"rendered":"\t\t<div data-elementor-type=\"wp-page\" data-elementor-id=\"3671\" class=\"elementor elementor-3671\">\n\t\t\t\t\t\t<section class=\"elementor-section elementor-top-section elementor-element elementor-element-40feb81 elementor-section-boxed elementor-section-gap-beside-yes elementor-section-height-default elementor-section-height-default elementor-section-column-vertical-align-stretch\" data-id=\"40feb81\" data-element_type=\"section\">\n\t\t\t\t\t\t<div class=\"elementor-container elementor-column-gap-extended\">\n\t\t\t\t\t<div class=\"elementor-column elementor-col-100 elementor-top-column elementor-element elementor-element-9257507\" data-id=\"9257507\" data-element_type=\"column\">\n\t\t\t<div class=\"elementor-widget-wrap elementor-element-populated\">\n\t\t\t\t\t\t<div class=\"elementor-element elementor-element-a3af4a2 elementor-widget elementor-widget-text-editor\" data-id=\"a3af4a2\" data-element_type=\"widget\" data-widget_type=\"text-editor.default\">\n\t\t\t\t<div class=\"elementor-widget-container\">\n\t\t\t<style>\/*! elementor - v3.22.0 - 26-06-2024 *\/\n.elementor-widget-text-editor.elementor-drop-cap-view-stacked .elementor-drop-cap{background-color:#69727d;color:#fff}.elementor-widget-text-editor.elementor-drop-cap-view-framed .elementor-drop-cap{color:#69727d;border:3px solid;background-color:transparent}.elementor-widget-text-editor:not(.elementor-drop-cap-view-default) .elementor-drop-cap{margin-top:8px}.elementor-widget-text-editor:not(.elementor-drop-cap-view-default) .elementor-drop-cap-letter{width:1em;height:1em}.elementor-widget-text-editor .elementor-drop-cap{float:left;text-align:center;line-height:1;font-size:50px}.elementor-widget-text-editor .elementor-drop-cap-letter{display:inline-block}<\/style>\t\t\t\t<h3>Arsimi Vazhdues Ligjor (AVL) per Avokatet dhe Asistent Avokatet<\/h3><p>\u201cArsimimi Vazhdues Ligjor\u201d n\u00ebnkupton trajnimin profesional n\u00eb fushave t\u00eb ndryshme t\u00eb s\u00eb drejt\u00ebs bazuar n\u00eb programet dhe rregullat e miratuara nga Dhoma Komb\u00ebtare e Avokatis\u00eb.<\/p><p>AVL eshte nje kusht thelbesor per te garantuar rolin e avokatit ne administrimin e drejtesise si garant i lirive dhe te drejtave themelore te njeriut. Niveli i larte i cilesise dhe etikes se profesionit te avokatit jane kushte kryesore per te ruajtur pavarsine e avokatit nga te gjitha pushtetet, per te forcuar funksionin ne interes te publikut, per te minimizuar nderhyrjet e vendosura nga rregullat prevaluese te tregut dhe konkurences.<\/p><p>Mbarevajtja e profesionit te Avokatise ne mbrojtje te interesave te komunitetit, garantimit te kompetences dhe profesionalizimit te avokateve i eshte besuar organeve drejtuese te Dhomes Kombetare te Avokatise, ne mbeshtetje te Nenit 21 (pika c) te Ligjit Nr. Nr.9109, dat\u00eb 17.7.2003 \u201d Per Profesionin e Avokatit ne Republiken e Shqiperise\u201d, ndryshuar me ligjin nr.9795, dat\u00eb 23.7.2007 dhe ligjin nr. 10 047, dat\u00eb 24.12.2008, \u201cKeshilli i Pergjithshem\u2026. shqyrton dhe analizon ecurin\u00eb n\u00eb pun\u00eb dhe trajnimin profesional t\u00eb avokat\u00ebve dhe t\u00eb asistent\u00ebve, q\u00eb b\u00ebjn\u00eb pjes\u00eb n\u00eb dhom\u00ebn e avokatis\u00eb\u201d.<\/p><p>Hartimi dhe percaktimi i politikave qe synojne ngritjen profesionale te avokateve i eshte besuar Dhomes Kombetare te Avokateve te Shqiperise, e parashikuar ne Nenin 2 te Statutit te Dhomes Kombetare te Avokatise \u201cHartimi dhe zbatimi i politikave qe synojne ngritjen profesionale, krijimin e nje ambjenti dhe infrastrukture qe rrit mireqenien, besimin dhe krenarine e avokateve per organizaten e tyre\u201d.<\/p><p>Kodi Etik i Avokatit, ne Nenin 8, vendos nje detyrim lidhur me kompetencen profesionale, duke percaktuar se \u201cAvokati nuk duhet t\u00eb trajtoj\u00eb nj\u00eb c\u00ebshtje p\u00ebr t\u00eb cil\u00ebn ai nuk ka aft\u00ebsit\u00eb e nevojshme pervec se kur bashk\u00ebpunon me nj\u00eb avokat i cili \u00ebsht\u00eb kompetent p\u00ebr ta trajtuar at\u00eb\u201d. GjitahsNeni 9 i Kodit Etik te Avokatit parashikon se \u201cAvokati ka p\u00ebr detyr\u00eb t\u00eb zhvilloj\u00eb aft\u00ebsit\u00eb e tij n\u00ebp\u00ebrmjet p\u00ebrgatitjes s\u00eb vazhduar profesionale\u201d nepermjet nder te tjera, \u201c\u2026\u2026Takimeve, seminareve, debateve profesionale, pergjithesimeve te pervojes se avokateve, zyrave avokatore dhe dhomave te avokateve, rritjes se aftesise botuese me tematike juridike te avoktave ne organet e shtypit periodik, etj\u201d.<\/p><ul><li style=\"list-style-type: none;\"><ul>Pertej fushes se sjelljes profesionale dhe detyrimit deontologjik, pajisja me njohurite dhe aftesite e duhura, perfshire dhe ato te nje karakteri specifik, perditesimi dhe shtimi i tyre ne menyre periodike, eshte nje kerkese e vazhdueshme per avokatet ne Europe dhe akteve themelore qe rregullojne Profesionin Ligjor ne kontekstin e Komunitetit Europian duke permendur nder te tjera:<\/ul><\/li><\/ul><p>\u00a0<\/p><ul><li>Direktivat e Bashkimit Europian ne ushtrimin e profesionit ligjor ne ceshtjet nderkufitare.<\/li><li>Jurisprudencen e Gjykates Europiane te Drejtesise dhe Gjykates Europiane te te Drejtave te Njeriut.<\/li><li>Rekomandimin Rec (2000) 21 te dates 25 Tetor 2000 te Komitetit te Ministrave te Keshillit te Europes per shtetet anetare lidhur me lirine e ushtrimit te profesionit te avokatit.<\/li><li>Rezoluten e Parlamentit Europian mbi profesionet ligjore dhe interesin e pergjithshem ne funksionimin e sistemeve ligjore te 23 Mars 2006.<\/li><li>Karten e Parimeve Themelore te Profesionit Ligjor ne Europe, 2006.<\/li><li>Deklaraten e Romes per Trajnimin e Avokateve ne Europe, Nentor 2008.<\/li><li>Rekomandimet e Keshillit te Bareve dhe Shoqatave Ligjore ne Europe (CCBE); etj.<\/li><\/ul><p>Per te realizuar objektivat e siperpermendur, me date 12 Maj 2011 u nenshkrua Marreveshja e Mirekuptimit e firmosur nga Drejtori i USAID per Shqiperine, Z. Joseph Williams dhe Kryetari i DHKASH-s\u00eb, Z. Maksim Haxhia, per Programin e AVL i cili ka filluar te testohet, n\u00eb form\u00ebn e nj\u00eb projekti demonstrues ne Dhom\u00ebn Rajonale t\u00eb Vlor\u00ebs dhe Durr\u00ebsit per avokatet dhe asistent avokatet e ketyre dhomave. Zbatimi i ketij programi po realizohet nga Qendra Shqiptare p\u00ebr Trajnime e Studime Juridike (ACLTS), me fonde t\u00eb siguruara nga USAID dhe DHKASH.<\/p>\t\t\t\t\t\t<\/div>\n\t\t\t\t<\/div>\n\t\t\t\t<div class=\"elementor-element elementor-element-46473e3 elementor-widget elementor-widget-spacer\" data-id=\"46473e3\" data-element_type=\"widget\" data-widget_type=\"spacer.default\">\n\t\t\t\t<div class=\"elementor-widget-container\">\n\t\t\t<style>\/*! elementor - v3.22.0 - 26-06-2024 *\/\n.elementor-column .elementor-spacer-inner{height:var(--spacer-size)}.e-con{--container-widget-width:100%}.e-con-inner>.elementor-widget-spacer,.e-con>.elementor-widget-spacer{width:var(--container-widget-width,var(--spacer-size));--align-self:var(--container-widget-align-self,initial);--flex-shrink:0}.e-con-inner>.elementor-widget-spacer>.elementor-widget-container,.e-con>.elementor-widget-spacer>.elementor-widget-container{height:100%;width:100%}.e-con-inner>.elementor-widget-spacer>.elementor-widget-container>.elementor-spacer,.e-con>.elementor-widget-spacer>.elementor-widget-container>.elementor-spacer{height:100%}.e-con-inner>.elementor-widget-spacer>.elementor-widget-container>.elementor-spacer>.elementor-spacer-inner,.e-con>.elementor-widget-spacer>.elementor-widget-container>.elementor-spacer>.elementor-spacer-inner{height:var(--container-widget-height,var(--spacer-size))}.e-con-inner>.elementor-widget-spacer.elementor-widget-empty,.e-con>.elementor-widget-spacer.elementor-widget-empty{position:relative;min-height:22px;min-width:22px}.e-con-inner>.elementor-widget-spacer.elementor-widget-empty .elementor-widget-empty-icon,.e-con>.elementor-widget-spacer.elementor-widget-empty .elementor-widget-empty-icon{position:absolute;top:0;bottom:0;left:0;right:0;margin:auto;padding:0;width:22px;height:22px}<\/style>\t\t<div class=\"elementor-spacer\">\n\t\t\t<div class=\"elementor-spacer-inner\"><\/div>\n\t\t<\/div>\n\t\t\t\t<\/div>\n\t\t\t\t<\/div>\n\t\t\t\t\t<\/div>\n\t\t<\/div>\n\t\t\t\t\t<\/div>\n\t\t<\/section>\n\t\t\t\t<\/div>\n\t\t","protected":false},"excerpt":{"rendered":"<p>Arsimi Vazhdues Ligjor (AVL) per Avokatet dhe Asistent Avokatet \u201cArsimimi Vazhdues Ligjor\u201d n\u00ebnkupton trajnimin profesional n\u00eb fushave t\u00eb ndryshme t\u00eb s\u00eb drejt\u00ebs bazuar n\u00eb programet dhe rregullat e miratuara nga Dhoma Komb\u00ebtare e Avokatis\u00eb. AVL eshte nje kusht thelbesor per te garantuar rolin e avokatit ne administrimin e drejtesise si garant i lirive dhe te drejtave themelore te njeriut. Niveli i larte i cilesise dhe etikes se profesionit te avokatit jane kushte kryesore per te ruajtur pavarsine e avokatit nga te gjitha pushtetet, per te forcuar funksionin ne interes te publikut, per te minimizuar nderhyrjet e vendosura nga rregullat prevaluese te tregut dhe konkurences. Mbarevajtja e profesionit te Avokatise ne mbrojtje te interesave te komunitetit, garantimit te kompetences dhe profesionalizimit te avokateve i eshte besuar organeve drejtuese te Dhomes Kombetare te Avokatise, ne mbeshtetje te Nenit 21 (pika c) te Ligjit Nr. Nr.9109, dat\u00eb 17.7.2003 \u201d Per Profesionin e Avokatit ne Republiken e Shqiperise\u201d, ndryshuar me ligjin nr.9795, dat\u00eb 23.7.2007 dhe ligjin nr. 10 047, dat\u00eb 24.12.2008, \u201cKeshilli i Pergjithshem\u2026. shqyrton dhe analizon ecurin\u00eb n\u00eb pun\u00eb dhe trajnimin profesional t\u00eb avokat\u00ebve dhe t\u00eb asistent\u00ebve, q\u00eb b\u00ebjn\u00eb pjes\u00eb n\u00eb dhom\u00ebn e avokatis\u00eb\u201d. Hartimi dhe percaktimi i politikave qe synojne ngritjen profesionale te avokateve i eshte besuar Dhomes Kombetare te Avokateve te Shqiperise, e parashikuar ne Nenin 2 te Statutit te Dhomes Kombetare te Avokatise \u201cHartimi dhe zbatimi i politikave qe synojne ngritjen profesionale, krijimin e nje ambjenti dhe infrastrukture qe rrit mireqenien, besimin dhe krenarine e avokateve per organizaten e tyre\u201d. Kodi Etik i Avokatit, ne Nenin 8, vendos nje detyrim lidhur me kompetencen profesionale, duke percaktuar se \u201cAvokati nuk duhet t\u00eb trajtoj\u00eb nj\u00eb c\u00ebshtje p\u00ebr t\u00eb cil\u00ebn ai nuk ka aft\u00ebsit\u00eb e nevojshme pervec se kur bashk\u00ebpunon me nj\u00eb avokat i cili \u00ebsht\u00eb kompetent p\u00ebr ta trajtuar at\u00eb\u201d. GjitahsNeni 9 i Kodit Etik te Avokatit parashikon se \u201cAvokati ka p\u00ebr detyr\u00eb t\u00eb zhvilloj\u00eb aft\u00ebsit\u00eb e tij n\u00ebp\u00ebrmjet p\u00ebrgatitjes s\u00eb vazhduar profesionale\u201d nepermjet nder te tjera, \u201c\u2026\u2026Takimeve, seminareve, debateve profesionale, pergjithesimeve te pervojes se avokateve, zyrave avokatore dhe dhomave te avokateve, rritjes se aftesise botuese me tematike juridike te avoktave ne organet e shtypit periodik, etj\u201d. Pertej fushes se sjelljes profesionale dhe detyrimit deontologjik, pajisja me njohurite dhe aftesite e duhura, perfshire dhe ato te nje karakteri specifik, perditesimi dhe shtimi i tyre ne menyre periodike, eshte nje kerkese e vazhdueshme per avokatet ne Europe dhe akteve themelore qe rregullojne Profesionin Ligjor ne kontekstin e Komunitetit Europian duke permendur nder te tjera: \u00a0 Direktivat e Bashkimit Europian ne ushtrimin e profesionit ligjor ne ceshtjet nderkufitare. Jurisprudencen e Gjykates Europiane te Drejtesise dhe Gjykates Europiane te te Drejtave te Njeriut. Rekomandimin Rec (2000) 21 te dates 25 Tetor 2000 te Komitetit te Ministrave te Keshillit te Europes per shtetet anetare lidhur me lirine e ushtrimit te profesionit te avokatit. Rezoluten e Parlamentit Europian mbi profesionet ligjore dhe interesin e pergjithshem ne funksionimin e sistemeve ligjore te 23 Mars 2006. Karten e Parimeve Themelore te Profesionit Ligjor ne Europe, 2006. Deklaraten e Romes per Trajnimin e Avokateve ne Europe, Nentor 2008. Rekomandimet e Keshillit te Bareve dhe Shoqatave Ligjore ne Europe (CCBE); etj. Per te realizuar objektivat e siperpermendur, me date 12 Maj 2011 u nenshkrua Marreveshja e Mirekuptimit e firmosur nga Drejtori i USAID per Shqiperine, Z. Joseph Williams dhe Kryetari i DHKASH-s\u00eb, Z. Maksim Haxhia, per Programin e AVL i cili ka filluar te testohet, n\u00eb form\u00ebn e nj\u00eb projekti demonstrues ne Dhom\u00ebn Rajonale t\u00eb Vlor\u00ebs dhe Durr\u00ebsit per avokatet dhe asistent avokatet e ketyre dhomave. Zbatimi i ketij programi po realizohet nga Qendra Shqiptare p\u00ebr Trajnime e Studime Juridike (ACLTS), me fonde t\u00eb siguruara nga USAID dhe DHKASH.<\/p>\n","protected":false},"author":1,"featured_media":0,"parent":0,"menu_order":0,"comment_status":"closed","ping_status":"closed","template":"","meta":{"footnotes":""},"class_list":["post-3671","page","type-page","status-publish","hentry","post-no-thumbnail"],"_links":{"self":[{"href":"https:\/\/dhka.org.al\/sq\/wp-json\/wp\/v2\/pages\/3671","targetHints":{"allow":["GET"]}}],"collection":[{"href":"https:\/\/dhka.org.al\/sq\/wp-json\/wp\/v2\/pages"}],"about":[{"href":"https:\/\/dhka.org.al\/sq\/wp-json\/wp\/v2\/types\/page"}],"author":[{"embeddable":true,"href":"https:\/\/dhka.org.al\/sq\/wp-json\/wp\/v2\/users\/1"}],"replies":[{"embeddable":true,"href":"https:\/\/dhka.org.al\/sq\/wp-json\/wp\/v2\/comments?post=3671"}],"version-history":[{"count":4,"href":"https:\/\/dhka.org.al\/sq\/wp-json\/wp\/v2\/pages\/3671\/revisions"}],"predecessor-version":[{"id":3675,"href":"https:\/\/dhka.org.al\/sq\/wp-json\/wp\/v2\/pages\/3671\/revisions\/3675"}],"wp:attachment":[{"href":"https:\/\/dhka.org.al\/sq\/wp-json\/wp\/v2\/media?parent=3671"}],"curies":[{"name":"wp","href":"https:\/\/api.w.org\/{rel}","templated":true}]}}