{"id":3695,"date":"2022-09-27T09:45:40","date_gmt":"2022-09-27T09:45:40","guid":{"rendered":"http:\/\/188.166.45.142\/?page_id=3695"},"modified":"2022-09-27T09:46:01","modified_gmt":"2022-09-27T09:46:01","slug":"anetaresimi-ne-ccbe","status":"publish","type":"page","link":"https:\/\/dhka.org.al\/sq\/anetaresimi-ne-ccbe\/","title":{"rendered":"An\u00ebtar\u00ebsimi n\u00eb CCBE"},"content":{"rendered":"\t\t<div data-elementor-type=\"wp-page\" data-elementor-id=\"3695\" class=\"elementor elementor-3695\">\n\t\t\t\t\t\t<section class=\"elementor-section elementor-top-section elementor-element elementor-element-7d2866f elementor-section-boxed elementor-section-gap-beside-yes elementor-section-height-default elementor-section-height-default elementor-section-column-vertical-align-stretch\" data-id=\"7d2866f\" data-element_type=\"section\">\n\t\t\t\t\t\t<div class=\"elementor-container elementor-column-gap-extended\">\n\t\t\t\t\t<div class=\"elementor-column elementor-col-100 elementor-top-column elementor-element elementor-element-51b3b5e\" data-id=\"51b3b5e\" data-element_type=\"column\">\n\t\t\t<div class=\"elementor-widget-wrap elementor-element-populated\">\n\t\t\t\t\t\t<div class=\"elementor-element elementor-element-e7d26d9 elementor-widget elementor-widget-text-editor\" data-id=\"e7d26d9\" data-element_type=\"widget\" data-widget_type=\"text-editor.default\">\n\t\t\t\t<div class=\"elementor-widget-container\">\n\t\t\t<style>\/*! elementor - v3.22.0 - 26-06-2024 *\/\n.elementor-widget-text-editor.elementor-drop-cap-view-stacked .elementor-drop-cap{background-color:#69727d;color:#fff}.elementor-widget-text-editor.elementor-drop-cap-view-framed .elementor-drop-cap{color:#69727d;border:3px solid;background-color:transparent}.elementor-widget-text-editor:not(.elementor-drop-cap-view-default) .elementor-drop-cap{margin-top:8px}.elementor-widget-text-editor:not(.elementor-drop-cap-view-default) .elementor-drop-cap-letter{width:1em;height:1em}.elementor-widget-text-editor .elementor-drop-cap{float:left;text-align:center;line-height:1;font-size:50px}.elementor-widget-text-editor .elementor-drop-cap-letter{display:inline-block}<\/style>\t\t\t\t<p><b>An\u00ebtarsimi i Dhomes Kombetare te Avokatise se Shqiperise ne Keshillin e Bareve dhe Shoqatave Ligjore te Europes (CCBE):<\/b><\/p><p>N\u00eb Seanc\u00ebn Plenare t\u00eb K\u00ebshillit t\u00eb Dhomave t\u00eb Avokatis\u00eb dhe Shoqatave Ligjore Europiane (CCBE) t\u00eb zhvilluar n\u00eb dat\u00ebn 24 Maj 2008, n\u00eb Budapest, Hungari, Dhoma Komb\u00ebtare e Avokat\u00ebve t\u00eb Shqip\u00ebrise u pranua me unanimitet t\u00eb plot\u00eb si An\u00ebtare me statusin e v\u00ebzhguesit t\u00eb k\u00ebsaj Organizate prestigjoze. Aplikimi i Dhom\u00ebs Komb\u00ebtare t\u00eb Avokatis\u00eb u mbrojt nga Av.Prof.as. Dr. Maksim R. Haxhia, Kryetar i saj, mbi raportin e p\u00ebrgatitur nga Avokati Italian z. Aldo Bulgarelli.<\/p><p>CCBE \u00ebsht\u00eb nj\u00eb organizat\u00eb nd\u00ebrkomb\u00ebtare e themeluar m\u00eb 1960 e cila p\u00ebrfaqeson interesat e m\u00eb shum\u00eb se 700, 000 avokat\u00ebve europian\u00eb n\u00ebp\u00ebrmjet Bareve dhe shoq\u00ebrive ligjore t\u00eb 31 vendeve (an\u00ebtar\u00eb t\u00eb plot\u00eb), dhe 6 vendeve an\u00ebtare me status v\u00ebzhguesi. Kjo Organizate num\u00ebron si an\u00ebtar\u00eb te saj 27 vendet e Bashkimit Europian dhe 3 vendet e Bashkimit Ekonomik Europian (Norvegjin\u00eb, Island\u00ebn, Liechtenstein) t\u00eb cil\u00ebt jan\u00eb an\u00ebtare me status t\u00eb plote s\u00eb bashku me Zvicr\u00ebn. CCBE bashk\u00ebpunon ngusht\u00eb me Komisionin dhe Parlamentin Europian n\u00ebp\u00ebrmjet hartimit dhe rishikimit t\u00eb legjislacionit europian duke p\u00ebrfshire edhe dh\u00ebnien e rekomandimeve p\u00ebr ndryshimin e aspekteve proceduriale t\u00eb Gjykat\u00ebs Europiane t\u00eb Luksemburgut dhe Gjykat\u00ebs Europiane t\u00eb t\u00eb Drejtave t\u00eb Njeriut.<\/p><p>Me anetarsimin ne CCBE, Dhoma Kombetare e Avokateve te Shqiperise ka aderuar ne Karten e Parimeve Themelore te Profesionit Ligjor ne Europe dhe Kodin e Sjelljes se Avokateve Evropiane, ne themel te te cilave qendrojne parime te rendesishme, ku nder te tjera, mund te vecojme: respektimin e shtetit te se drejtes dhe administrimin e drejte te drejtesise, pavarsine dhe vete-rregullimin e profesionit ligjor te avokatise, ruajtjen e dinjitetit dhe respektit ndaj profesionit te avokatise, shmangjen e konfliktit te interesit apo luftes kunder korrupsionit, rritjen e profesionalizmit te avokateve, etj.<\/p><p>An\u00ebtar\u00ebsimi i Dhom\u00ebs Komb\u00ebtare t\u00eb Avokatis\u00eb s\u00eb Shqip\u00ebris\u00eb n\u00eb strukturat e CCBE-s\u00eb po kontribuon n\u00eb p\u00ebrmbushjen e objektivave t\u00eb Dhom\u00ebs Komb\u00ebtare te Avokatis\u00eb, p\u00ebrsa i p\u00ebrket rritjes s\u00eb profesionalizmit dhe integritetit t\u00eb avokat\u00ebve shqiptar\u00eb, pavarsis\u00eb s\u00eb k\u00ebtij profesioni dhe mbrojtjes dhe p\u00ebrfaq\u00ebsimit dinjitoz t\u00eb interesave t\u00eb avokat\u00ebve shqiptare brenda dhe p\u00ebrtej kufijve t\u00eb Shqip\u00ebris\u00eb.<\/p>\t\t\t\t\t\t<\/div>\n\t\t\t\t<\/div>\n\t\t\t\t<div class=\"elementor-element elementor-element-56f2cbb elementor-widget elementor-widget-spacer\" data-id=\"56f2cbb\" data-element_type=\"widget\" data-widget_type=\"spacer.default\">\n\t\t\t\t<div class=\"elementor-widget-container\">\n\t\t\t<style>\/*! elementor - v3.22.0 - 26-06-2024 *\/\n.elementor-column .elementor-spacer-inner{height:var(--spacer-size)}.e-con{--container-widget-width:100%}.e-con-inner>.elementor-widget-spacer,.e-con>.elementor-widget-spacer{width:var(--container-widget-width,var(--spacer-size));--align-self:var(--container-widget-align-self,initial);--flex-shrink:0}.e-con-inner>.elementor-widget-spacer>.elementor-widget-container,.e-con>.elementor-widget-spacer>.elementor-widget-container{height:100%;width:100%}.e-con-inner>.elementor-widget-spacer>.elementor-widget-container>.elementor-spacer,.e-con>.elementor-widget-spacer>.elementor-widget-container>.elementor-spacer{height:100%}.e-con-inner>.elementor-widget-spacer>.elementor-widget-container>.elementor-spacer>.elementor-spacer-inner,.e-con>.elementor-widget-spacer>.elementor-widget-container>.elementor-spacer>.elementor-spacer-inner{height:var(--container-widget-height,var(--spacer-size))}.e-con-inner>.elementor-widget-spacer.elementor-widget-empty,.e-con>.elementor-widget-spacer.elementor-widget-empty{position:relative;min-height:22px;min-width:22px}.e-con-inner>.elementor-widget-spacer.elementor-widget-empty .elementor-widget-empty-icon,.e-con>.elementor-widget-spacer.elementor-widget-empty .elementor-widget-empty-icon{position:absolute;top:0;bottom:0;left:0;right:0;margin:auto;padding:0;width:22px;height:22px}<\/style>\t\t<div class=\"elementor-spacer\">\n\t\t\t<div class=\"elementor-spacer-inner\"><\/div>\n\t\t<\/div>\n\t\t\t\t<\/div>\n\t\t\t\t<\/div>\n\t\t\t\t\t<\/div>\n\t\t<\/div>\n\t\t\t\t\t<\/div>\n\t\t<\/section>\n\t\t\t\t<\/div>\n\t\t","protected":false},"excerpt":{"rendered":"<p>An\u00ebtarsimi i Dhomes Kombetare te Avokatise se Shqiperise ne Keshillin e Bareve dhe Shoqatave Ligjore te Europes (CCBE): N\u00eb Seanc\u00ebn Plenare t\u00eb K\u00ebshillit t\u00eb Dhomave t\u00eb Avokatis\u00eb dhe Shoqatave Ligjore Europiane (CCBE) t\u00eb zhvilluar n\u00eb dat\u00ebn 24 Maj 2008, n\u00eb Budapest, Hungari, Dhoma Komb\u00ebtare e Avokat\u00ebve t\u00eb Shqip\u00ebrise u pranua me unanimitet t\u00eb plot\u00eb si An\u00ebtare me statusin e v\u00ebzhguesit t\u00eb k\u00ebsaj Organizate prestigjoze. Aplikimi i Dhom\u00ebs Komb\u00ebtare t\u00eb Avokatis\u00eb u mbrojt nga Av.Prof.as. Dr. Maksim R. Haxhia, Kryetar i saj, mbi raportin e p\u00ebrgatitur nga Avokati Italian z. Aldo Bulgarelli. CCBE \u00ebsht\u00eb nj\u00eb organizat\u00eb nd\u00ebrkomb\u00ebtare e themeluar m\u00eb 1960 e cila p\u00ebrfaqeson interesat e m\u00eb shum\u00eb se 700, 000 avokat\u00ebve europian\u00eb n\u00ebp\u00ebrmjet Bareve dhe shoq\u00ebrive ligjore t\u00eb 31 vendeve (an\u00ebtar\u00eb t\u00eb plot\u00eb), dhe 6 vendeve an\u00ebtare me status v\u00ebzhguesi. Kjo Organizate num\u00ebron si an\u00ebtar\u00eb te saj 27 vendet e Bashkimit Europian dhe 3 vendet e Bashkimit Ekonomik Europian (Norvegjin\u00eb, Island\u00ebn, Liechtenstein) t\u00eb cil\u00ebt jan\u00eb an\u00ebtare me status t\u00eb plote s\u00eb bashku me Zvicr\u00ebn. CCBE bashk\u00ebpunon ngusht\u00eb me Komisionin dhe Parlamentin Europian n\u00ebp\u00ebrmjet hartimit dhe rishikimit t\u00eb legjislacionit europian duke p\u00ebrfshire edhe dh\u00ebnien e rekomandimeve p\u00ebr ndryshimin e aspekteve proceduriale t\u00eb Gjykat\u00ebs Europiane t\u00eb Luksemburgut dhe Gjykat\u00ebs Europiane t\u00eb t\u00eb Drejtave t\u00eb Njeriut. Me anetarsimin ne CCBE, Dhoma Kombetare e Avokateve te Shqiperise ka aderuar ne Karten e Parimeve Themelore te Profesionit Ligjor ne Europe dhe Kodin e Sjelljes se Avokateve Evropiane, ne themel te te cilave qendrojne parime te rendesishme, ku nder te tjera, mund te vecojme: respektimin e shtetit te se drejtes dhe administrimin e drejte te drejtesise, pavarsine dhe vete-rregullimin e profesionit ligjor te avokatise, ruajtjen e dinjitetit dhe respektit ndaj profesionit te avokatise, shmangjen e konfliktit te interesit apo luftes kunder korrupsionit, rritjen e profesionalizmit te avokateve, etj. An\u00ebtar\u00ebsimi i Dhom\u00ebs Komb\u00ebtare t\u00eb Avokatis\u00eb s\u00eb Shqip\u00ebris\u00eb n\u00eb strukturat e CCBE-s\u00eb po kontribuon n\u00eb p\u00ebrmbushjen e objektivave t\u00eb Dhom\u00ebs Komb\u00ebtare te Avokatis\u00eb, p\u00ebrsa i p\u00ebrket rritjes s\u00eb profesionalizmit dhe integritetit t\u00eb avokat\u00ebve shqiptar\u00eb, pavarsis\u00eb s\u00eb k\u00ebtij profesioni dhe mbrojtjes dhe p\u00ebrfaq\u00ebsimit dinjitoz t\u00eb interesave t\u00eb avokat\u00ebve shqiptare brenda dhe p\u00ebrtej kufijve t\u00eb Shqip\u00ebris\u00eb.<\/p>\n","protected":false},"author":1,"featured_media":0,"parent":0,"menu_order":0,"comment_status":"closed","ping_status":"closed","template":"","meta":{"footnotes":""},"class_list":["post-3695","page","type-page","status-publish","hentry","post-no-thumbnail"],"_links":{"self":[{"href":"https:\/\/dhka.org.al\/sq\/wp-json\/wp\/v2\/pages\/3695","targetHints":{"allow":["GET"]}}],"collection":[{"href":"https:\/\/dhka.org.al\/sq\/wp-json\/wp\/v2\/pages"}],"about":[{"href":"https:\/\/dhka.org.al\/sq\/wp-json\/wp\/v2\/types\/page"}],"author":[{"embeddable":true,"href":"https:\/\/dhka.org.al\/sq\/wp-json\/wp\/v2\/users\/1"}],"replies":[{"embeddable":true,"href":"https:\/\/dhka.org.al\/sq\/wp-json\/wp\/v2\/comments?post=3695"}],"version-history":[{"count":4,"href":"https:\/\/dhka.org.al\/sq\/wp-json\/wp\/v2\/pages\/3695\/revisions"}],"predecessor-version":[{"id":3699,"href":"https:\/\/dhka.org.al\/sq\/wp-json\/wp\/v2\/pages\/3695\/revisions\/3699"}],"wp:attachment":[{"href":"https:\/\/dhka.org.al\/sq\/wp-json\/wp\/v2\/media?parent=3695"}],"curies":[{"name":"wp","href":"https:\/\/api.w.org\/{rel}","templated":true}]}}