{"id":3700,"date":"2022-09-27T09:46:18","date_gmt":"2022-09-27T09:46:18","guid":{"rendered":"http:\/\/188.166.45.142\/?page_id=3700"},"modified":"2022-09-27T09:46:33","modified_gmt":"2022-09-27T09:46:33","slug":"marreveshje-binjakezimi","status":"publish","type":"page","link":"https:\/\/dhka.org.al\/sq\/marreveshje-binjakezimi\/","title":{"rendered":"Marr\u00ebveshje Binjak\u00ebzimi"},"content":{"rendered":"\t\t<div data-elementor-type=\"wp-page\" data-elementor-id=\"3700\" class=\"elementor elementor-3700\">\n\t\t\t\t\t\t<section class=\"elementor-section elementor-top-section elementor-element elementor-element-abcbc7a elementor-section-boxed elementor-section-gap-beside-yes elementor-section-height-default elementor-section-height-default elementor-section-column-vertical-align-stretch\" data-id=\"abcbc7a\" data-element_type=\"section\">\n\t\t\t\t\t\t<div class=\"elementor-container elementor-column-gap-extended\">\n\t\t\t\t\t<div class=\"elementor-column elementor-col-100 elementor-top-column elementor-element elementor-element-d643c24\" data-id=\"d643c24\" data-element_type=\"column\">\n\t\t\t<div class=\"elementor-widget-wrap elementor-element-populated\">\n\t\t\t\t\t\t<div class=\"elementor-element elementor-element-0becdd2 elementor-widget elementor-widget-text-editor\" data-id=\"0becdd2\" data-element_type=\"widget\" data-widget_type=\"text-editor.default\">\n\t\t\t\t<div class=\"elementor-widget-container\">\n\t\t\t<style>\/*! elementor - v3.22.0 - 26-06-2024 *\/\n.elementor-widget-text-editor.elementor-drop-cap-view-stacked .elementor-drop-cap{background-color:#69727d;color:#fff}.elementor-widget-text-editor.elementor-drop-cap-view-framed .elementor-drop-cap{color:#69727d;border:3px solid;background-color:transparent}.elementor-widget-text-editor:not(.elementor-drop-cap-view-default) .elementor-drop-cap{margin-top:8px}.elementor-widget-text-editor:not(.elementor-drop-cap-view-default) .elementor-drop-cap-letter{width:1em;height:1em}.elementor-widget-text-editor .elementor-drop-cap{float:left;text-align:center;line-height:1;font-size:50px}.elementor-widget-text-editor .elementor-drop-cap-letter{display:inline-block}<\/style>\t\t\t\t<p><b>Marreveshje Binjakezimi:<br \/><\/b>Me 11 Nentor 2008, ne Napoli te Italise eshte nenshkruar Marreveshja e Binjakezimit midis Dhomes se Avokatise te Napolit dhe Dhomes se Avokatise se Tiranes. Procesi i binjakezimit ka si qellim, ndermjet te tjerash, te promovoje dhe fuqizoje bashkepunimin ligjor midis avokateve te te dyja Bareve, nderkohe qe do te kontribuoje ne identifikimin dhe vleresimin e aktiviteteve profesionale per mbrojtjen e interesave te perbashketa te avokateve ne te dyja vendet.<\/p><p><b>Ceshtjet kryesore ne bashkepunimin e DH.K.A.SH me CCBE:<br \/><\/b><b>Ligji nr. 9109, date 17.07.2003, \u201cPer profesionin e Avokatit ne Republiken e Shqiperise\u201d i ndryshuar me Ligjin nr.10 047, date 24.12.2008 \u201cPer disa shtesa dhe ndryshime ne Ligjin per Profesionin e Avokatit ne Republiken e Shqiperise\u201d dhe shpallja antikushtetuese e nenit 48, paragrafi 4 nga Gjykata Kushtetuese.<\/b><\/p><div class=\"ttext\"><p>Dhoma Kombetare e Avokatise dergoi ne Gjykaten Kushtetuese te Republikes se Shqiperise ndryshimet e miratura nga Kuvendi i Shqiperise ne Ligjin nr.10 047, date 24.12.2008 \u201cPer disa shtesa dhe ndryshime ne Ligjin per Profesionin e Avokatit ne Republiken e Shqiperise\u201d, sepse ato ishin ne kundershtim te hapur me Kushtetuten dhe parimet dhe standartet kryesore nderkombetare te profesionit te avokatit. Gjate ketij procesi Keshilli i Bareve dhe Shoqatave Ligjore te Europes mbeshteti procesin e objeksioneve nga Dhoma Kombetare e Avokatise lidhur me ndryshimet e Ligjit perpara Gjykates Kushtetuese.<\/p><p>Me Vendimin nr. 7, dat\u00eb 12.03.2010 t\u00eb Gjykat\u00ebs Kushtetuese me objekt \u201d Shfuqizimi si i papajtuesh\u00ebm me Kushtetut\u00ebn i pik\u00ebs 4 te nenit 48 te Ligjit nr. 9109, dat\u00eb 17.07.2003 \u201cP\u00ebr Profesionin e Avokatit n\u00eb Republik\u00ebn e Shqip\u00ebris\u00eb\u201d, ndryshuar me Ligjin nr. 10047, dat\u00eb 24.12.2008, eshte shfuqizuar pika 4 e nenit 48 te Ligjit i cili kishte kete permbajtje \u201cMinistri i Drejt\u00ebsis\u00eb dhe K\u00ebshilli Drejtues i Dhom\u00ebs Komb\u00ebtare t\u00eb Avokatis\u00eb p\u00ebrcaktojn\u00eb me vendim t\u00eb p\u00ebrbashk\u00ebt shpenzimet p\u00ebr regjistrimin e kandidat\u00ebve p\u00ebr avokat\u00eb, organizimin e provimit dhe shpalljen e rezultateve t\u00eb tij, t\u00eb cilat duhet t\u00eb jen\u00eb t\u00eb barabarta me koston q\u00eb duhet t\u00eb p\u00ebrballohet n\u00eb k\u00ebt\u00eb rast, si dhe tarif\u00ebn e marrjes s\u00eb licenc\u00ebs p\u00ebr avokat\u00ebt.\u201d<\/p><p><b>Pajisja e avokateve me kasave fiskale dhe aplikimi i TVSH ne masen 20%.<br \/><\/b>Dhoma Kombetare e Avokateve te Shqiperise ka derguar ne vemendjen e CCBE zhvillimet rreth Ligjit Nr.9920 te 19 Maj 2008 \u201cPer Procedurat Tatimore ne Republiken e Shqiperise\u201d, i ndryshuar I cili rregullon detyrimet e taksapaguesve, perfshire dhe avokatet, per te regjistruar pagesat ne cash me ane te kasave fiskale duke percaktuar sanksione per mospermbushjen e detyrimit per vendosjen e kasave fiskale, te cilat klasifikohen nga ndeshkimet deri ne pezullimin apo mbylljen e aktiviteteve te taksapaguesve. Ndryshimet gjithashtu percaktojne te drejten e autoriteteve tatimore per te konfiskuar cdo document, pajisje kompjuterike apo fiskale dhe mjete te tjera te regjistrimit te te dhenave nga taksapaguesit. Nje ceshtje tjeter shqetesuese, e konsultuar me CCBE, jane ndryshimet ligjore mbi aplikimin e TVSH ne masen 20% per avokatet (profesionet), pavarsisht te ardhurave vjetore te avokateve.<\/p><p>Z. Georges-Albert Dal, President i Keshillit te Bareve dhe Shoqatave Ligjore te Europes i eshte drejtuar zyrtarisht Kryeministrit te Shqiperise, Z. Sali Berisha si dhe autoriteteve me te larta te Shtetit Shqiptar, per te shprehur disa shqetesime dhe problematika qe mbartin inisiativat e fundit te Qeverise (per kasat fiskale dhe aplikimin e TVSH per avokatet) te cilat bien ndesh me parimet kryesore te profesionit te avokatit ne nje shoqeri demokratike. Praktika e vendeve europiane lidhur me kasat fiskale dhe aplikimin e TVSH per avokatet i eshte derguar per konsultim Qeverise Shqiptare.<\/p><p><b>TAIEX Workshop.<br \/><\/b>Ne bashkepunim me Keshillin e Bareve dhe Shoqatave Ligjore te Europes (CCBE) dhe Instrumentin e Komisionit Europian (TAIEX), ne 7-8 Maj 2009, ne Tirane u organizua Workshop me teme \u201cShteti i se Drejtes: Roli i avokateve dhe Gjyqtareve\u201d. Ne kete aktivitet moren pjese 100 avokate nga dhoma te avokatise ne rrethe dhe 50 gjyqtare nga gjykata te ndryshme te vendit.<\/p><p><b>Kosulence mbi progres Raportin Vjetor te Bashkimit Europian mbi Procesin e Integrimit Europian te Shqiperise.<br \/><\/b>Per shkak te anetarsimit te DHKASH ne CCBE, Komisioni Europian nepermjet CCBE, ne menyre periodike ka kerkuar informacion lidhur me zbatimin e reformave ne drejtesi ne Shqiperi, ne kuader te procesit te integrimit te Shqiperise ne BE, duke I kushtuar nje rendesi te vecante opinionit dhe problematikes se paraqitur nga strukturat drejtuese te DHKASH. Ne kete funksion jane organizuar takime me ekspertet e Komisionit Europian te cilet monitorojne ne vend zbatimin e reformave ne fushen e drejtesise.<\/p><\/div>\t\t\t\t\t\t<\/div>\n\t\t\t\t<\/div>\n\t\t\t\t<div class=\"elementor-element elementor-element-d673832 elementor-widget elementor-widget-spacer\" data-id=\"d673832\" data-element_type=\"widget\" data-widget_type=\"spacer.default\">\n\t\t\t\t<div class=\"elementor-widget-container\">\n\t\t\t<style>\/*! elementor - v3.22.0 - 26-06-2024 *\/\n.elementor-column .elementor-spacer-inner{height:var(--spacer-size)}.e-con{--container-widget-width:100%}.e-con-inner>.elementor-widget-spacer,.e-con>.elementor-widget-spacer{width:var(--container-widget-width,var(--spacer-size));--align-self:var(--container-widget-align-self,initial);--flex-shrink:0}.e-con-inner>.elementor-widget-spacer>.elementor-widget-container,.e-con>.elementor-widget-spacer>.elementor-widget-container{height:100%;width:100%}.e-con-inner>.elementor-widget-spacer>.elementor-widget-container>.elementor-spacer,.e-con>.elementor-widget-spacer>.elementor-widget-container>.elementor-spacer{height:100%}.e-con-inner>.elementor-widget-spacer>.elementor-widget-container>.elementor-spacer>.elementor-spacer-inner,.e-con>.elementor-widget-spacer>.elementor-widget-container>.elementor-spacer>.elementor-spacer-inner{height:var(--container-widget-height,var(--spacer-size))}.e-con-inner>.elementor-widget-spacer.elementor-widget-empty,.e-con>.elementor-widget-spacer.elementor-widget-empty{position:relative;min-height:22px;min-width:22px}.e-con-inner>.elementor-widget-spacer.elementor-widget-empty .elementor-widget-empty-icon,.e-con>.elementor-widget-spacer.elementor-widget-empty .elementor-widget-empty-icon{position:absolute;top:0;bottom:0;left:0;right:0;margin:auto;padding:0;width:22px;height:22px}<\/style>\t\t<div class=\"elementor-spacer\">\n\t\t\t<div class=\"elementor-spacer-inner\"><\/div>\n\t\t<\/div>\n\t\t\t\t<\/div>\n\t\t\t\t<\/div>\n\t\t\t\t\t<\/div>\n\t\t<\/div>\n\t\t\t\t\t<\/div>\n\t\t<\/section>\n\t\t\t\t<\/div>\n\t\t","protected":false},"excerpt":{"rendered":"<p>Marreveshje Binjakezimi:Me 11 Nentor 2008, ne Napoli te Italise eshte nenshkruar Marreveshja e Binjakezimit midis Dhomes se Avokatise te Napolit dhe Dhomes se Avokatise se Tiranes. Procesi i binjakezimit ka si qellim, ndermjet te tjerash, te promovoje dhe fuqizoje bashkepunimin ligjor midis avokateve te te dyja Bareve, nderkohe qe do te kontribuoje ne identifikimin dhe vleresimin e aktiviteteve profesionale per mbrojtjen e interesave te perbashketa te avokateve ne te dyja vendet. Ceshtjet kryesore ne bashkepunimin e DH.K.A.SH me CCBE:Ligji nr. 9109, date 17.07.2003, \u201cPer profesionin e Avokatit ne Republiken e Shqiperise\u201d i ndryshuar me Ligjin nr.10 047, date 24.12.2008 \u201cPer disa shtesa dhe ndryshime ne Ligjin per Profesionin e Avokatit ne Republiken e Shqiperise\u201d dhe shpallja antikushtetuese e nenit 48, paragrafi 4 nga Gjykata Kushtetuese. Dhoma Kombetare e Avokatise dergoi ne Gjykaten Kushtetuese te Republikes se Shqiperise ndryshimet e miratura nga Kuvendi i Shqiperise ne Ligjin nr.10 047, date 24.12.2008 \u201cPer disa shtesa dhe ndryshime ne Ligjin per Profesionin e Avokatit ne Republiken e Shqiperise\u201d, sepse ato ishin ne kundershtim te hapur me Kushtetuten dhe parimet dhe standartet kryesore nderkombetare te profesionit te avokatit. Gjate ketij procesi Keshilli i Bareve dhe Shoqatave Ligjore te Europes mbeshteti procesin e objeksioneve nga Dhoma Kombetare e Avokatise lidhur me ndryshimet e Ligjit perpara Gjykates Kushtetuese. Me Vendimin nr. 7, dat\u00eb 12.03.2010 t\u00eb Gjykat\u00ebs Kushtetuese me objekt \u201d Shfuqizimi si i papajtuesh\u00ebm me Kushtetut\u00ebn i pik\u00ebs 4 te nenit 48 te Ligjit nr. 9109, dat\u00eb 17.07.2003 \u201cP\u00ebr Profesionin e Avokatit n\u00eb Republik\u00ebn e Shqip\u00ebris\u00eb\u201d, ndryshuar me Ligjin nr. 10047, dat\u00eb 24.12.2008, eshte shfuqizuar pika 4 e nenit 48 te Ligjit i cili kishte kete permbajtje \u201cMinistri i Drejt\u00ebsis\u00eb dhe K\u00ebshilli Drejtues i Dhom\u00ebs Komb\u00ebtare t\u00eb Avokatis\u00eb p\u00ebrcaktojn\u00eb me vendim t\u00eb p\u00ebrbashk\u00ebt shpenzimet p\u00ebr regjistrimin e kandidat\u00ebve p\u00ebr avokat\u00eb, organizimin e provimit dhe shpalljen e rezultateve t\u00eb tij, t\u00eb cilat duhet t\u00eb jen\u00eb t\u00eb barabarta me koston q\u00eb duhet t\u00eb p\u00ebrballohet n\u00eb k\u00ebt\u00eb rast, si dhe tarif\u00ebn e marrjes s\u00eb licenc\u00ebs p\u00ebr avokat\u00ebt.\u201d Pajisja e avokateve me kasave fiskale dhe aplikimi i TVSH ne masen 20%.Dhoma Kombetare e Avokateve te Shqiperise ka derguar ne vemendjen e CCBE zhvillimet rreth Ligjit Nr.9920 te 19 Maj 2008 \u201cPer Procedurat Tatimore ne Republiken e Shqiperise\u201d, i ndryshuar I cili rregullon detyrimet e taksapaguesve, perfshire dhe avokatet, per te regjistruar pagesat ne cash me ane te kasave fiskale duke percaktuar sanksione per mospermbushjen e detyrimit per vendosjen e kasave fiskale, te cilat klasifikohen nga ndeshkimet deri ne pezullimin apo mbylljen e aktiviteteve te taksapaguesve. Ndryshimet gjithashtu percaktojne te drejten e autoriteteve tatimore per te konfiskuar cdo document, pajisje kompjuterike apo fiskale dhe mjete te tjera te regjistrimit te te dhenave nga taksapaguesit. Nje ceshtje tjeter shqetesuese, e konsultuar me CCBE, jane ndryshimet ligjore mbi aplikimin e TVSH ne masen 20% per avokatet (profesionet), pavarsisht te ardhurave vjetore te avokateve. Z. Georges-Albert Dal, President i Keshillit te Bareve dhe Shoqatave Ligjore te Europes i eshte drejtuar zyrtarisht Kryeministrit te Shqiperise, Z. Sali Berisha si dhe autoriteteve me te larta te Shtetit Shqiptar, per te shprehur disa shqetesime dhe problematika qe mbartin inisiativat e fundit te Qeverise (per kasat fiskale dhe aplikimin e TVSH per avokatet) te cilat bien ndesh me parimet kryesore te profesionit te avokatit ne nje shoqeri demokratike. Praktika e vendeve europiane lidhur me kasat fiskale dhe aplikimin e TVSH per avokatet i eshte derguar per konsultim Qeverise Shqiptare. TAIEX Workshop.Ne bashkepunim me Keshillin e Bareve dhe Shoqatave Ligjore te Europes (CCBE) dhe Instrumentin e Komisionit Europian (TAIEX), ne 7-8 Maj 2009, ne Tirane u organizua Workshop me teme \u201cShteti i se Drejtes: Roli i avokateve dhe Gjyqtareve\u201d. Ne kete aktivitet moren pjese 100 avokate nga dhoma te avokatise ne rrethe dhe 50 gjyqtare nga gjykata te ndryshme te vendit. Kosulence mbi progres Raportin Vjetor te Bashkimit Europian mbi Procesin e Integrimit Europian te Shqiperise.Per shkak te anetarsimit te DHKASH ne CCBE, Komisioni Europian nepermjet CCBE, ne menyre periodike ka kerkuar informacion lidhur me zbatimin e reformave ne drejtesi ne Shqiperi, ne kuader te procesit te integrimit te Shqiperise ne BE, duke I kushtuar nje rendesi te vecante opinionit dhe problematikes se paraqitur nga strukturat drejtuese te DHKASH. Ne kete funksion jane organizuar takime me ekspertet e Komisionit Europian te cilet monitorojne ne vend zbatimin e reformave ne fushen e drejtesise.<\/p>\n","protected":false},"author":1,"featured_media":0,"parent":0,"menu_order":0,"comment_status":"closed","ping_status":"closed","template":"","meta":{"footnotes":""},"class_list":["post-3700","page","type-page","status-publish","hentry","post-no-thumbnail"],"_links":{"self":[{"href":"https:\/\/dhka.org.al\/sq\/wp-json\/wp\/v2\/pages\/3700","targetHints":{"allow":["GET"]}}],"collection":[{"href":"https:\/\/dhka.org.al\/sq\/wp-json\/wp\/v2\/pages"}],"about":[{"href":"https:\/\/dhka.org.al\/sq\/wp-json\/wp\/v2\/types\/page"}],"author":[{"embeddable":true,"href":"https:\/\/dhka.org.al\/sq\/wp-json\/wp\/v2\/users\/1"}],"replies":[{"embeddable":true,"href":"https:\/\/dhka.org.al\/sq\/wp-json\/wp\/v2\/comments?post=3700"}],"version-history":[{"count":4,"href":"https:\/\/dhka.org.al\/sq\/wp-json\/wp\/v2\/pages\/3700\/revisions"}],"predecessor-version":[{"id":3704,"href":"https:\/\/dhka.org.al\/sq\/wp-json\/wp\/v2\/pages\/3700\/revisions\/3704"}],"wp:attachment":[{"href":"https:\/\/dhka.org.al\/sq\/wp-json\/wp\/v2\/media?parent=3700"}],"curies":[{"name":"wp","href":"https:\/\/api.w.org\/{rel}","templated":true}]}}