{"id":3719,"date":"2022-09-27T12:24:35","date_gmt":"2022-09-27T12:24:35","guid":{"rendered":"http:\/\/188.166.45.142\/?page_id=3719"},"modified":"2022-09-27T12:28:41","modified_gmt":"2022-09-27T12:28:41","slug":"dokumentat-per-aplikim-prane-shkolles-se-avokatise","status":"publish","type":"page","link":"https:\/\/dhka.org.al\/sq\/dokumentat-per-aplikim-prane-shkolles-se-avokatise\/","title":{"rendered":"Dokumentat p\u00ebr aplikim pran\u00eb Shkoll\u00ebs s\u00eb Avokatis\u00eb"},"content":{"rendered":"\t\t<div data-elementor-type=\"wp-page\" data-elementor-id=\"3719\" class=\"elementor elementor-3719\">\n\t\t\t\t\t\t<section class=\"elementor-section elementor-top-section elementor-element elementor-element-285917b elementor-section-boxed elementor-section-gap-beside-yes elementor-section-height-default elementor-section-height-default elementor-section-column-vertical-align-stretch\" data-id=\"285917b\" data-element_type=\"section\">\n\t\t\t\t\t\t<div class=\"elementor-container elementor-column-gap-extended\">\n\t\t\t\t\t<div class=\"elementor-column elementor-col-100 elementor-top-column elementor-element elementor-element-65ae93e\" data-id=\"65ae93e\" data-element_type=\"column\">\n\t\t\t<div class=\"elementor-widget-wrap elementor-element-populated\">\n\t\t\t\t\t\t<div class=\"elementor-element elementor-element-faa4f86 elementor-widget elementor-widget-text-editor\" data-id=\"faa4f86\" data-element_type=\"widget\" data-widget_type=\"text-editor.default\">\n\t\t\t\t<div class=\"elementor-widget-container\">\n\t\t\t<style>\/*! elementor - v3.22.0 - 26-06-2024 *\/\n.elementor-widget-text-editor.elementor-drop-cap-view-stacked .elementor-drop-cap{background-color:#69727d;color:#fff}.elementor-widget-text-editor.elementor-drop-cap-view-framed .elementor-drop-cap{color:#69727d;border:3px solid;background-color:transparent}.elementor-widget-text-editor:not(.elementor-drop-cap-view-default) .elementor-drop-cap{margin-top:8px}.elementor-widget-text-editor:not(.elementor-drop-cap-view-default) .elementor-drop-cap-letter{width:1em;height:1em}.elementor-widget-text-editor .elementor-drop-cap{float:left;text-align:center;line-height:1;font-size:50px}.elementor-widget-text-editor .elementor-drop-cap-letter{display:inline-block}<\/style>\t\t\t\t<p style=\"font-weight: 400;\"><strong>DHOMA KOMBETARE E AVOKATEVE TE SHQIPERISE<\/strong><\/p><p style=\"font-weight: 400;\"><strong>KESHILLI DREJTUES<\/strong><\/p>\t\t\t\t\t\t<\/div>\n\t\t\t\t<\/div>\n\t\t\t\t<div class=\"elementor-element elementor-element-67f39b6 elementor-widget elementor-widget-text-editor\" data-id=\"67f39b6\" data-element_type=\"widget\" data-widget_type=\"text-editor.default\">\n\t\t\t\t<div class=\"elementor-widget-container\">\n\t\t\t\t\t\t\t<p style=\"font-weight: 400;\"><strong><u>\u00a0 DOKUMENTAT E RREGJISTRIMIT PER ASISTENT AVOKAT<\/u><\/strong><\/p><ol><li>\u00a0Fotokopje\u00a0\u00a0noterizuar e diplomes bachelor dhe master shkencor ose profesional.<\/li><li>Fotokopje e noterizuar e \u00e7ertifikates se notave<\/li><li>Njehsimi I diplomes nga ministria e arsimit (p\u00ebr student\u00ebt q\u00eb kan\u00eb p\u00ebrfunduar studimet jasht\u00eb shtetit)<\/li><li>Fotokopje te kartes se identitetit<\/li><li>\u00a0Vertetimin e gjendjes gjyqesore (d\u00ebshmia e penalitetit sigurohet nepermjet aplikimit n\u00eb post\u00ebn shqiptare)<\/li><li>Vertetim nga gjykata dhe prokuroria ku vertetohet se nuk ka procedim penal ne proces.<\/li><li>Vertetim\u00a0\u00a0avokatit, ku vertetohet pranimi per fillimin per kryerjen\u00a0\u00a0stazhit 1 vjecar te as\/avokatit (p\u00ebr asistentet e rretheve edhe vertetimi I dhomes avokatise per kete qellim).<\/li><li>Kerkesa drejtuar dhomes kombetare avokatise (p\u00ebrve\u00e7 identitetit duhet te sh\u00ebnohet nr.Telefoni dhe adrese e-mail)<\/li><li>Fotografi\u00a0\u00a0(p\u00ebr dokument), cope\u00a0\u00a01\u00a0<\/li><li>1\u2019000 leke\u00a0\u00a0per tarife\u00a0\u00a0asistent avokat<\/li><li>2\u2019000 leke tarifa e regjistrimit SHKA<\/li><li>Pagesa e kestit fillestar per tarifen e frekuentimit te SHKA<\/li><\/ol><p>\u00a0<\/p><p>Sh\u00ebnim:\u00a0t\u00eb gjith\u00eb asistent\u00eb avokat\u00ebt n\u00eb\u00a0periudh\u00ebn shtator &#8211; tetor\u00a0t\u00eb \u00e7do viti duhet t\u00eb regjistrohen pran\u00eb shkoll\u00ebs komb\u00ebtare t\u00eb avokatis\u00eb p\u00ebr t\u00eb ndjekur ciklin 1 vje\u00e7ar t\u00eb trajnimit fillestar, si nj\u00eb detyrim ligjor p\u00ebr t\u00eb fituar t\u00eb drejt\u00ebn e ushtrimit t\u00eb profesionit t\u00eb avokatit.<\/p>\t\t\t\t\t\t<\/div>\n\t\t\t\t<\/div>\n\t\t\t\t<div class=\"elementor-element elementor-element-cfc527b elementor-widget elementor-widget-spacer\" data-id=\"cfc527b\" data-element_type=\"widget\" data-widget_type=\"spacer.default\">\n\t\t\t\t<div class=\"elementor-widget-container\">\n\t\t\t<style>\/*! elementor - v3.22.0 - 26-06-2024 *\/\n.elementor-column .elementor-spacer-inner{height:var(--spacer-size)}.e-con{--container-widget-width:100%}.e-con-inner>.elementor-widget-spacer,.e-con>.elementor-widget-spacer{width:var(--container-widget-width,var(--spacer-size));--align-self:var(--container-widget-align-self,initial);--flex-shrink:0}.e-con-inner>.elementor-widget-spacer>.elementor-widget-container,.e-con>.elementor-widget-spacer>.elementor-widget-container{height:100%;width:100%}.e-con-inner>.elementor-widget-spacer>.elementor-widget-container>.elementor-spacer,.e-con>.elementor-widget-spacer>.elementor-widget-container>.elementor-spacer{height:100%}.e-con-inner>.elementor-widget-spacer>.elementor-widget-container>.elementor-spacer>.elementor-spacer-inner,.e-con>.elementor-widget-spacer>.elementor-widget-container>.elementor-spacer>.elementor-spacer-inner{height:var(--container-widget-height,var(--spacer-size))}.e-con-inner>.elementor-widget-spacer.elementor-widget-empty,.e-con>.elementor-widget-spacer.elementor-widget-empty{position:relative;min-height:22px;min-width:22px}.e-con-inner>.elementor-widget-spacer.elementor-widget-empty .elementor-widget-empty-icon,.e-con>.elementor-widget-spacer.elementor-widget-empty .elementor-widget-empty-icon{position:absolute;top:0;bottom:0;left:0;right:0;margin:auto;padding:0;width:22px;height:22px}<\/style>\t\t<div class=\"elementor-spacer\">\n\t\t\t<div class=\"elementor-spacer-inner\"><\/div>\n\t\t<\/div>\n\t\t\t\t<\/div>\n\t\t\t\t<\/div>\n\t\t\t\t\t<\/div>\n\t\t<\/div>\n\t\t\t\t\t<\/div>\n\t\t<\/section>\n\t\t\t\t<\/div>\n\t\t","protected":false},"excerpt":{"rendered":"<p>DHOMA KOMBETARE E AVOKATEVE TE SHQIPERISE KESHILLI DREJTUES \u00a0 DOKUMENTAT E RREGJISTRIMIT PER ASISTENT AVOKAT \u00a0Fotokopje\u00a0\u00a0noterizuar e diplomes bachelor dhe master shkencor ose profesional. Fotokopje e noterizuar e \u00e7ertifikates se notave Njehsimi I diplomes nga ministria e arsimit (p\u00ebr student\u00ebt q\u00eb kan\u00eb p\u00ebrfunduar studimet jasht\u00eb shtetit) Fotokopje te kartes se identitetit \u00a0Vertetimin e gjendjes gjyqesore (d\u00ebshmia e penalitetit sigurohet nepermjet aplikimit n\u00eb post\u00ebn shqiptare) Vertetim nga gjykata dhe prokuroria ku vertetohet se nuk ka procedim penal ne proces. Vertetim\u00a0\u00a0avokatit, ku vertetohet pranimi per fillimin per kryerjen\u00a0\u00a0stazhit 1 vjecar te as\/avokatit (p\u00ebr asistentet e rretheve edhe vertetimi I dhomes avokatise per kete qellim). Kerkesa drejtuar dhomes kombetare avokatise (p\u00ebrve\u00e7 identitetit duhet te sh\u00ebnohet nr.Telefoni dhe adrese e-mail) Fotografi\u00a0\u00a0(p\u00ebr dokument), cope\u00a0\u00a01\u00a0 1\u2019000 leke\u00a0\u00a0per tarife\u00a0\u00a0asistent avokat 2\u2019000 leke tarifa e regjistrimit SHKA Pagesa e kestit fillestar per tarifen e frekuentimit te SHKA \u00a0 Sh\u00ebnim:\u00a0t\u00eb gjith\u00eb asistent\u00eb avokat\u00ebt n\u00eb\u00a0periudh\u00ebn shtator &#8211; tetor\u00a0t\u00eb \u00e7do viti duhet t\u00eb regjistrohen pran\u00eb shkoll\u00ebs komb\u00ebtare t\u00eb avokatis\u00eb p\u00ebr t\u00eb ndjekur ciklin 1 vje\u00e7ar t\u00eb trajnimit fillestar, si nj\u00eb detyrim ligjor p\u00ebr t\u00eb fituar t\u00eb drejt\u00ebn e ushtrimit t\u00eb profesionit t\u00eb avokatit.<\/p>\n","protected":false},"author":1,"featured_media":0,"parent":0,"menu_order":0,"comment_status":"closed","ping_status":"closed","template":"","meta":{"footnotes":""},"class_list":["post-3719","page","type-page","status-publish","hentry","post-no-thumbnail"],"_links":{"self":[{"href":"https:\/\/dhka.org.al\/sq\/wp-json\/wp\/v2\/pages\/3719","targetHints":{"allow":["GET"]}}],"collection":[{"href":"https:\/\/dhka.org.al\/sq\/wp-json\/wp\/v2\/pages"}],"about":[{"href":"https:\/\/dhka.org.al\/sq\/wp-json\/wp\/v2\/types\/page"}],"author":[{"embeddable":true,"href":"https:\/\/dhka.org.al\/sq\/wp-json\/wp\/v2\/users\/1"}],"replies":[{"embeddable":true,"href":"https:\/\/dhka.org.al\/sq\/wp-json\/wp\/v2\/comments?post=3719"}],"version-history":[{"count":4,"href":"https:\/\/dhka.org.al\/sq\/wp-json\/wp\/v2\/pages\/3719\/revisions"}],"predecessor-version":[{"id":3723,"href":"https:\/\/dhka.org.al\/sq\/wp-json\/wp\/v2\/pages\/3719\/revisions\/3723"}],"wp:attachment":[{"href":"https:\/\/dhka.org.al\/sq\/wp-json\/wp\/v2\/media?parent=3719"}],"curies":[{"name":"wp","href":"https:\/\/api.w.org\/{rel}","templated":true}]}}