{"id":4889,"date":"2024-02-21T07:58:50","date_gmt":"2024-02-21T07:58:50","guid":{"rendered":"https:\/\/dhka.org.al\/?page_id=4889"},"modified":"2024-02-21T09:29:19","modified_gmt":"2024-02-21T09:29:19","slug":"eventet-e-bashkepunimit-shkencor","status":"publish","type":"page","link":"https:\/\/dhka.org.al\/sq\/eventet-e-bashkepunimit-shkencor\/","title":{"rendered":"Eventet e Bashk\u00ebpunimit Shkencor"},"content":{"rendered":"\t\t<div data-elementor-type=\"wp-page\" data-elementor-id=\"4889\" class=\"elementor elementor-4889\">\n\t\t\t\t\t\t<section class=\"elementor-section elementor-top-section elementor-element elementor-element-1322d89 elementor-section-boxed elementor-section-gap-beside-yes elementor-section-height-default elementor-section-height-default elementor-section-column-vertical-align-stretch\" data-id=\"1322d89\" data-element_type=\"section\">\n\t\t\t\t\t\t<div class=\"elementor-container elementor-column-gap-extended\">\n\t\t\t\t\t<div class=\"elementor-column elementor-col-100 elementor-top-column elementor-element elementor-element-34488cf\" data-id=\"34488cf\" data-element_type=\"column\">\n\t\t\t<div class=\"elementor-widget-wrap elementor-element-populated\">\n\t\t\t\t\t\t<div class=\"elementor-element elementor-element-79367b6 elementor-widget elementor-widget-text-editor\" data-id=\"79367b6\" data-element_type=\"widget\" data-widget_type=\"text-editor.default\">\n\t\t\t\t<div class=\"elementor-widget-container\">\n\t\t\t<style>\/*! elementor - v3.22.0 - 26-06-2024 *\/\n.elementor-widget-text-editor.elementor-drop-cap-view-stacked .elementor-drop-cap{background-color:#69727d;color:#fff}.elementor-widget-text-editor.elementor-drop-cap-view-framed .elementor-drop-cap{color:#69727d;border:3px solid;background-color:transparent}.elementor-widget-text-editor:not(.elementor-drop-cap-view-default) .elementor-drop-cap{margin-top:8px}.elementor-widget-text-editor:not(.elementor-drop-cap-view-default) .elementor-drop-cap-letter{width:1em;height:1em}.elementor-widget-text-editor .elementor-drop-cap{float:left;text-align:center;line-height:1;font-size:50px}.elementor-widget-text-editor .elementor-drop-cap-letter{display:inline-block}<\/style>\t\t\t\t<p style=\"text-align: center;\"><a href=\"https:\/\/dhka.org.al\/marreveshja-e-bashkepunimit-shkencor-me-gjykaten-kushtetuese\/\"><strong>Marr\u00ebveshja e Bashk\u00ebpunimit Shkencor me Gjykat\u00ebn Kushtetuese<\/strong><\/a><\/p><p style=\"text-align: center;\"><a href=\"https:\/\/dhka.org.al\/marreveshja-e-bashkepunimit-shkencor-me-fakultetin-e-drejtesise-ut\/\"><strong>Marr\u00ebveshja e Bashk\u00ebpunimit Shkencor me Fakultetin e Drejt\u00ebsis\u00eb UT<\/strong><\/a><\/p><p>\u00a0<\/p><p>\u00a0<\/p>\t\t\t\t\t\t<\/div>\n\t\t\t\t<\/div>\n\t\t\t\t\t<\/div>\n\t\t<\/div>\n\t\t\t\t\t<\/div>\n\t\t<\/section>\n\t\t\t\t<\/div>\n\t\t","protected":false},"excerpt":{"rendered":"<p>Marr\u00ebveshja e Bashk\u00ebpunimit Shkencor me Gjykat\u00ebn Kushtetuese Marr\u00ebveshja e Bashk\u00ebpunimit Shkencor me Fakultetin e Drejt\u00ebsis\u00eb UT \u00a0 \u00a0<\/p>\n","protected":false},"author":2,"featured_media":0,"parent":0,"menu_order":0,"comment_status":"closed","ping_status":"closed","template":"","meta":{"footnotes":""},"class_list":["post-4889","page","type-page","status-publish","hentry","post-no-thumbnail"],"_links":{"self":[{"href":"https:\/\/dhka.org.al\/sq\/wp-json\/wp\/v2\/pages\/4889","targetHints":{"allow":["GET"]}}],"collection":[{"href":"https:\/\/dhka.org.al\/sq\/wp-json\/wp\/v2\/pages"}],"about":[{"href":"https:\/\/dhka.org.al\/sq\/wp-json\/wp\/v2\/types\/page"}],"author":[{"embeddable":true,"href":"https:\/\/dhka.org.al\/sq\/wp-json\/wp\/v2\/users\/2"}],"replies":[{"embeddable":true,"href":"https:\/\/dhka.org.al\/sq\/wp-json\/wp\/v2\/comments?post=4889"}],"version-history":[{"count":17,"href":"https:\/\/dhka.org.al\/sq\/wp-json\/wp\/v2\/pages\/4889\/revisions"}],"predecessor-version":[{"id":4922,"href":"https:\/\/dhka.org.al\/sq\/wp-json\/wp\/v2\/pages\/4889\/revisions\/4922"}],"wp:attachment":[{"href":"https:\/\/dhka.org.al\/sq\/wp-json\/wp\/v2\/media?parent=4889"}],"curies":[{"name":"wp","href":"https:\/\/api.w.org\/{rel}","templated":true}]}}